{"id":13196,"date":"2016-11-26T18:05:10","date_gmt":"2016-11-26T17:05:10","guid":{"rendered":"http:\/\/s521754890.online.de\/?page_id=13196"},"modified":"2025-04-25T20:18:25","modified_gmt":"2025-04-25T19:18:25","slug":"kontakt","status":"publish","type":"page","link":"https:\/\/essentielle-psychotherapie.com\/en\/kontakt","title":{"rendered":"Contact"},"content":{"rendered":"<p><div class=\"fusion-fullwidth fullwidth-box fusion-builder-row-2 nonhundred-percent-fullwidth non-hundred-percent-height-scrolling\" style=\"--awb-border-radius-top-left:0px;--awb-border-radius-top-right:0px;--awb-border-radius-bottom-right:0px;--awb-border-radius-bottom-left:0px;--awb-padding-top:20px;--awb-padding-bottom:20px;--awb-flex-wrap:wrap;\" ><div class=\"fusion-builder-row fusion-row\"><div class=\"fusion-layout-column fusion_builder_column fusion-builder-column-2 fusion_builder_column_2_3 2_3 fusion-two-third fusion-column-first\" style=\"--awb-bg-size:cover;width:66.666666666667%;width:calc(66.666666666667% - ( ( 4% ) * 0.66666666666667 ) );margin-right: 4%;\"><div class=\"fusion-column-wrapper fusion-flex-column-wrapper-legacy\"><div class=\"fusion-text fusion-text-2\">\n<div class=\"wpcf7 no-js\" id=\"wpcf7-f13228-o2\" lang=\"de-DE\" dir=\"ltr\" data-wpcf7-id=\"13228\">\n<div class=\"screen-reader-response\"><p role=\"status\" aria-live=\"polite\" aria-atomic=\"true\"><\/p> <ul><\/ul><\/div>\n<form action=\"\/en\/wp-json\/wp\/v2\/pages\/13196#wpcf7-f13228-o2\" method=\"post\" class=\"wpcf7-form init\" aria-label=\"Kontaktformular\" novalidate=\"novalidate\" data-status=\"init\">\n<fieldset class=\"hidden-fields-container\"><input type=\"hidden\" name=\"_wpcf7\" value=\"13228\" \/><input type=\"hidden\" name=\"_wpcf7_version\" value=\"6.1.5\" \/><input type=\"hidden\" name=\"_wpcf7_locale\" value=\"de_DE\" \/><input type=\"hidden\" name=\"_wpcf7_unit_tag\" value=\"wpcf7-f13228-o2\" \/><input type=\"hidden\" name=\"_wpcf7_container_post\" value=\"0\" \/><input type=\"hidden\" name=\"_wpcf7_posted_data_hash\" value=\"\" \/>\n<\/fieldset>\n<p><label> Your name (required field)<br \/>\n<span class=\"wpcf7-form-control-wrap\" data-name=\"your-name\"><input size=\"40\" maxlength=\"400\" class=\"wpcf7-form-control wpcf7-text wpcf7-validates-as-required\" aria-required=\"true\" aria-invalid=\"false\" value=\"\" type=\"text\" name=\"your-name\" \/><\/span> <\/label>\n<\/p>\n<p><span id=\"wpcf7-69de18155b8fe-wrapper\" class=\"wpcf7-form-control-wrap first-name-wrap\" style=\"display:none !important; visibility:hidden !important;\"><label for=\"wpcf7-69de18155b8fe-field\" class=\"hp-message\">Bitte lasse dieses Feld leer.<\/label><input id=\"wpcf7-69de18155b8fe-field\"  class=\"wpcf7-form-control wpcf7-text\" type=\"text\" name=\"first-name\" value=\"\" size=\"40\" tabindex=\"-1\" autocomplete=\"new-password\" \/><\/span><br \/>\n<span id=\"wpcf7-69de18155b941-wrapper\" class=\"wpcf7-form-control-wrap last-name-wrap\" ><label for=\"wpcf7-69de18155b941-field\" class=\"hp-message\">Bitte lasse dieses Feld leer.<\/label><input id=\"wpcf7-69de18155b941-field\"  class=\"wpcf7-form-control wpcf7-text\" type=\"text\" name=\"last-name\" value=\"\" size=\"40\" tabindex=\"-1\" autocomplete=\"new-password\" \/><\/span><br \/>\n<span id=\"wpcf7-69de18155b988-wrapper\" class=\"wpcf7-form-control-wrap website-wrap\" ><label for=\"wpcf7-69de18155b988-field\" class=\"hp-message\">Bitte lasse dieses Feld leer.<\/label><input id=\"wpcf7-69de18155b988-field\"  class=\"wpcf7-form-control wpcf7-text\" type=\"text\" name=\"website\" value=\"\" size=\"40\" tabindex=\"-1\" autocomplete=\"new-password\" \/><\/span>\n<\/p>\n<p><label> Your e-mail-adress (required field)<br \/>\n<span class=\"wpcf7-form-control-wrap\" data-name=\"your-email\"><input size=\"40\" maxlength=\"400\" class=\"wpcf7-form-control wpcf7-email wpcf7-validates-as-required wpcf7-text wpcf7-validates-as-email\" aria-required=\"true\" aria-invalid=\"false\" value=\"\" type=\"email\" name=\"your-email\" \/><\/span> <\/label>\n<\/p>\n<p><label> Subject (required field)<br \/>\n<span class=\"wpcf7-form-control-wrap\" data-name=\"your-subject\"><input size=\"40\" maxlength=\"400\" class=\"wpcf7-form-control wpcf7-text wpcf7-validates-as-required\" aria-required=\"true\" aria-invalid=\"false\" value=\"\" type=\"text\" name=\"your-subject\" \/><\/span> <\/label>\n<\/p>\n<p><label> Your message (required field)<br \/>\n<span class=\"wpcf7-form-control-wrap\" data-name=\"your-message\"><textarea cols=\"40\" rows=\"10\" maxlength=\"2000\" class=\"wpcf7-form-control wpcf7-textarea wpcf7-validates-as-required\" aria-required=\"true\" aria-invalid=\"false\" name=\"your-message\"><\/textarea><\/span> <\/label>\n<\/p>\n<p><span class=\"wpcf7-form-control-wrap\" data-name=\"acceptanceDatenverarbeitungEN\"><span class=\"wpcf7-form-control wpcf7-acceptance\"><span class=\"wpcf7-list-item\"><label><input type=\"checkbox\" name=\"acceptanceDatenverarbeitungEN\" value=\"1\" aria-invalid=\"false\" \/><span class=\"wpcf7-list-item-label\">I agree with the processing of my data. <a href=\"https:\/\/essentielle-psychotherapie.com\/en\/datenschutzerklaerung\">Privacy policy<\/a>.<\/span><\/label><\/span><\/span><\/span>\n<\/p>\n<p><input class=\"wpcf7-form-control wpcf7-submit has-spinner\" type=\"submit\" value=\"submit\" \/>\n<\/p><div class=\"fusion-alert alert custom alert-custom fusion-alert-center wpcf7-response-output fusion-alert-capitalize awb-alert-native-link-color alert-dismissable awb-alert-close-boxed\" style=\"--awb-border-size:1px;--awb-border-top-left-radius:0px;--awb-border-top-right-radius:0px;--awb-border-bottom-left-radius:0px;--awb-border-bottom-right-radius:0px;\" role=\"alert\"><div class=\"fusion-alert-content-wrapper\"><span class=\"fusion-alert-content\"><\/span><\/div><button type=\"button\" class=\"close toggle-alert\" data-dismiss=\"alert\" aria-label=\"Close\">&times;<\/button><\/div>\n<\/form>\n<\/div>\n\n<\/div><div class=\"fusion-clearfix\"><\/div><\/div><\/div><div class=\"fusion-layout-column fusion_builder_column fusion-builder-column-3 fusion_builder_column_1_3 1_3 fusion-one-third fusion-column-last\" style=\"--awb-bg-size:cover;width:33.333333333333%;width:calc(33.333333333333% - ( ( 4% ) * 0.33333333333333 ) );\"><div class=\"fusion-column-wrapper fusion-flex-column-wrapper-legacy\"><div class=\"fusion-title title fusion-title-2 fusion-title-text fusion-title-size-one\"><h1 class=\"fusion-title-heading title-heading-left fusion-responsive-typography-calculated\" style=\"margin:0;--fontSize:33;line-height:1.45;\">Contact details<\/h1><span class=\"awb-title-spacer\"><\/span><div class=\"title-sep-container\"><div class=\"title-sep sep-double sep-solid\" style=\"border-color:#e0dede;\"><\/div><\/div><\/div><ul style=\"--awb-size:16px;--awb-line-height:27.2px;--awb-icon-width:27.2px;--awb-icon-height:27.2px;--awb-icon-margin:11.2px;--awb-content-margin:38.4px;--awb-circlecolor:#003bff;--awb-circle-yes-font-size:14.08px;\" class=\"fusion-checklist fusion-checklist-2 fusion-checklist-default type-icons\"><li class=\"fusion-li-item\" style=\"\"><span class=\"icon-wrapper circle-yes\"><i class=\"fusion-li-icon fa-flag fas\" aria-hidden=\"true\"><\/i><\/span><div class=\"fusion-li-item-content\">\n<p>Institute for Essential Psychotherapy<br \/>\nEichkuhle 22<br \/>\n53773 Hennef<\/p>\n<\/div><\/li><li class=\"fusion-li-item\" style=\"\"><span class=\"icon-wrapper circle-yes\"><i class=\"fusion-li-icon fa-phone fas\" aria-hidden=\"true\"><\/i><\/span><div class=\"fusion-li-item-content\">\n<p><strong>English contact e-mail:<\/strong><br \/>\n<a href=\"mailto:ulrich@essentielle-psychotherapie.de\">ulrich@essentielle-psychotherapie.de<\/a><\/p>\n<p><strong>Telephone conversation times in the institute:<\/strong><br \/>\n<em>Mondays<\/em>: 8:00 a.m. &#8211; 12:00 a.m. Nina Friesen (office) +49 2242\/9175738<br \/>\n<em>Tuesdays<\/em>: 1:30 p.m. &#8211; 2:30 p.m. Friederike Erhardt (secretariat) +49 2242\/84507<br \/>\n<em>Thursdays<\/em>: 1:30 p.m.- 2:30 p.m. Friederike Erhardt (secretariat) +49 2242\/84507<br \/>\n<em>Fridays<\/em>: 2:00 p.m. &#8211; 2:30 p.m. Wolfgang Erhardt (head) +49 2242\/9175738<\/p>\n<p><strong>Telephone Conversation Wolfgang Erhardt in the office in Bonn:<\/strong><br \/>\nTelephone: +49 228\/690339<br \/>\n<em>Thursdays<\/em>: 12:00 a.m. &#8211; 12:30 a.m.<\/p>\n<\/div><\/li><li class=\"fusion-li-item\" style=\"\"><span class=\"icon-wrapper circle-yes\"><i class=\"fusion-li-icon fa-fax fas\" aria-hidden=\"true\"><\/i><\/span><div class=\"fusion-li-item-content\">\n<p>Fax: 02242\/915285<\/p>\n<\/div><\/li><li class=\"fusion-li-item\" style=\"\"><span class=\"icon-wrapper circle-yes\"><i class=\"fusion-li-icon fa-user fas\" aria-hidden=\"true\"><\/i><\/span><div class=\"fusion-li-item-content\">\n<p>head and manager:<br \/>\nWolfgang Erhardt<br \/>\nEichkuhle 22<br \/>\n53773 Hennef<\/p>\n<\/div><\/li><\/ul><div class=\"fusion-clearfix\"><\/div><\/div><\/div><\/div><\/div><\/p>","protected":false},"excerpt":{"rendered":"","protected":false},"author":1,"featured_media":0,"parent":0,"menu_order":12,"comment_status":"closed","ping_status":"closed","template":"100-width.php","meta":{"footnotes":""},"class_list":["post-13196","page","type-page","status-publish","hentry"],"yoast_head":"<!-- This site is optimized with the Yoast SEO plugin v27.0 - https:\/\/yoast.com\/product\/yoast-seo-wordpress\/ -->\n<title>Unsere Kontaktm\u00f6glichkeiten - Institut f\u00fcr Essentielle Psychotherapie<\/title>\n<meta name=\"description\" content=\"Alle Kontaktdaten und Sprechzeiten f\u00fcr Anfragen und Terminvereinbarungen finden Sie hier. Alle Kontaktdaten und Sprechzeiten f\u00fcr Anfragen und Terminvereinbarungen finden Sie hier.\" \/>\n<meta name=\"robots\" content=\"index, follow, max-snippet:-1, max-image-preview:large, max-video-preview:-1\" \/>\n<link rel=\"canonical\" href=\"https:\/\/essentielle-psychotherapie.com\/kontakt\" \/>\n<meta property=\"og:locale\" content=\"en_GB\" \/>\n<meta property=\"og:type\" content=\"article\" \/>\n<meta property=\"og:title\" content=\"Unsere Kontaktm\u00f6glichkeiten - Institut f\u00fcr Essentielle Psychotherapie\" \/>\n<meta property=\"og:description\" content=\"Alle Kontaktdaten und Sprechzeiten f\u00fcr Anfragen und Terminvereinbarungen finden Sie hier. Alle Kontaktdaten und Sprechzeiten f\u00fcr Anfragen und Terminvereinbarungen finden Sie hier.\" \/>\n<meta property=\"og:url\" content=\"https:\/\/essentielle-psychotherapie.com\/kontakt\" \/>\n<meta property=\"og:site_name\" content=\"Institut f\u00fcr Essentielle Psychotherapie\" \/>\n<meta property=\"article:modified_time\" content=\"2025-04-25T19:18:25+00:00\" \/>\n<meta name=\"twitter:card\" content=\"summary_large_image\" \/>\n<meta name=\"twitter:label1\" content=\"Estimated reading time\" \/>\n\t<meta name=\"twitter:data1\" content=\"1 minute\" \/>\n<script type=\"application\/ld+json\" class=\"yoast-schema-graph\">{\"@context\":\"https:\/\/schema.org\",\"@graph\":[{\"@type\":\"WebPage\",\"@id\":\"https:\/\/essentielle-psychotherapie.com\/kontakt\",\"url\":\"https:\/\/essentielle-psychotherapie.com\/kontakt\",\"name\":\"Unsere Kontaktm\u00f6glichkeiten - Institut f\u00fcr Essentielle Psychotherapie\",\"isPartOf\":{\"@id\":\"https:\/\/essentielle-psychotherapie.com\/en\/#website\"},\"datePublished\":\"2016-11-26T17:05:10+00:00\",\"dateModified\":\"2025-04-25T19:18:25+00:00\",\"description\":\"Alle Kontaktdaten und Sprechzeiten f\u00fcr Anfragen und Terminvereinbarungen finden Sie hier. Alle Kontaktdaten und Sprechzeiten f\u00fcr Anfragen und Terminvereinbarungen finden Sie hier.\",\"breadcrumb\":{\"@id\":\"https:\/\/essentielle-psychotherapie.com\/kontakt#breadcrumb\"},\"inLanguage\":\"en-GB\",\"potentialAction\":[{\"@type\":\"ReadAction\",\"target\":[\"https:\/\/essentielle-psychotherapie.com\/kontakt\"]}]},{\"@type\":\"BreadcrumbList\",\"@id\":\"https:\/\/essentielle-psychotherapie.com\/kontakt#breadcrumb\",\"itemListElement\":[{\"@type\":\"ListItem\",\"position\":1,\"name\":\"Startseite\",\"item\":\"https:\/\/essentielle-psychotherapie.com\/\"},{\"@type\":\"ListItem\",\"position\":2,\"name\":\"Kontakt\"}]},{\"@type\":\"WebSite\",\"@id\":\"https:\/\/essentielle-psychotherapie.com\/en\/#website\",\"url\":\"https:\/\/essentielle-psychotherapie.com\/en\/\",\"name\":\"Institut f\u00fcr Essentielle Psychotherapie\",\"description\":\"\",\"publisher\":{\"@id\":\"https:\/\/essentielle-psychotherapie.com\/en\/#organization\"},\"potentialAction\":[{\"@type\":\"SearchAction\",\"target\":{\"@type\":\"EntryPoint\",\"urlTemplate\":\"https:\/\/essentielle-psychotherapie.com\/en\/?s={search_term_string}\"},\"query-input\":{\"@type\":\"PropertyValueSpecification\",\"valueRequired\":true,\"valueName\":\"search_term_string\"}}],\"inLanguage\":\"en-GB\"},{\"@type\":\"Organization\",\"@id\":\"https:\/\/essentielle-psychotherapie.com\/en\/#organization\",\"name\":\"Institut f\u00fcr Essentielle Psychotherapie\",\"url\":\"https:\/\/essentielle-psychotherapie.com\/en\/\",\"logo\":{\"@type\":\"ImageObject\",\"inLanguage\":\"en-GB\",\"@id\":\"https:\/\/essentielle-psychotherapie.com\/en\/#\/schema\/logo\/image\/\",\"url\":\"https:\/\/essentielle-psychotherapie.com\/wp-content\/uploads\/2019\/01\/favicon-256x256.png\",\"contentUrl\":\"https:\/\/essentielle-psychotherapie.com\/wp-content\/uploads\/2019\/01\/favicon-256x256.png\",\"width\":256,\"height\":256,\"caption\":\"Institut f\u00fcr Essentielle Psychotherapie\"},\"image\":{\"@id\":\"https:\/\/essentielle-psychotherapie.com\/en\/#\/schema\/logo\/image\/\"}}]}<\/script>\n<!-- \/ Yoast SEO plugin. -->","yoast_head_json":{"title":"Unsere Kontaktm\u00f6glichkeiten - Institut f\u00fcr Essentielle Psychotherapie","description":"Alle Kontaktdaten und Sprechzeiten f\u00fcr Anfragen und Terminvereinbarungen finden Sie hier. Alle Kontaktdaten und Sprechzeiten f\u00fcr Anfragen und Terminvereinbarungen finden Sie hier.","robots":{"index":"index","follow":"follow","max-snippet":"max-snippet:-1","max-image-preview":"max-image-preview:large","max-video-preview":"max-video-preview:-1"},"canonical":"https:\/\/essentielle-psychotherapie.com\/kontakt","og_locale":"en_GB","og_type":"article","og_title":"Unsere Kontaktm\u00f6glichkeiten - Institut f\u00fcr Essentielle Psychotherapie","og_description":"Alle Kontaktdaten und Sprechzeiten f\u00fcr Anfragen und Terminvereinbarungen finden Sie hier. Alle Kontaktdaten und Sprechzeiten f\u00fcr Anfragen und Terminvereinbarungen finden Sie hier.","og_url":"https:\/\/essentielle-psychotherapie.com\/kontakt","og_site_name":"Institut f\u00fcr Essentielle Psychotherapie","article_modified_time":"2025-04-25T19:18:25+00:00","twitter_card":"summary_large_image","twitter_misc":{"Estimated reading time":"1 minute"},"schema":{"@context":"https:\/\/schema.org","@graph":[{"@type":"WebPage","@id":"https:\/\/essentielle-psychotherapie.com\/kontakt","url":"https:\/\/essentielle-psychotherapie.com\/kontakt","name":"Unsere Kontaktm\u00f6glichkeiten - Institut f\u00fcr Essentielle Psychotherapie","isPartOf":{"@id":"https:\/\/essentielle-psychotherapie.com\/en\/#website"},"datePublished":"2016-11-26T17:05:10+00:00","dateModified":"2025-04-25T19:18:25+00:00","description":"Alle Kontaktdaten und Sprechzeiten f\u00fcr Anfragen und Terminvereinbarungen finden Sie hier. Alle Kontaktdaten und Sprechzeiten f\u00fcr Anfragen und Terminvereinbarungen finden Sie hier.","breadcrumb":{"@id":"https:\/\/essentielle-psychotherapie.com\/kontakt#breadcrumb"},"inLanguage":"en-GB","potentialAction":[{"@type":"ReadAction","target":["https:\/\/essentielle-psychotherapie.com\/kontakt"]}]},{"@type":"BreadcrumbList","@id":"https:\/\/essentielle-psychotherapie.com\/kontakt#breadcrumb","itemListElement":[{"@type":"ListItem","position":1,"name":"Startseite","item":"https:\/\/essentielle-psychotherapie.com\/"},{"@type":"ListItem","position":2,"name":"Kontakt"}]},{"@type":"WebSite","@id":"https:\/\/essentielle-psychotherapie.com\/en\/#website","url":"https:\/\/essentielle-psychotherapie.com\/en\/","name":"Institut f\u00fcr Essentielle Psychotherapie","description":"","publisher":{"@id":"https:\/\/essentielle-psychotherapie.com\/en\/#organization"},"potentialAction":[{"@type":"SearchAction","target":{"@type":"EntryPoint","urlTemplate":"https:\/\/essentielle-psychotherapie.com\/en\/?s={search_term_string}"},"query-input":{"@type":"PropertyValueSpecification","valueRequired":true,"valueName":"search_term_string"}}],"inLanguage":"en-GB"},{"@type":"Organization","@id":"https:\/\/essentielle-psychotherapie.com\/en\/#organization","name":"Institut f\u00fcr Essentielle Psychotherapie","url":"https:\/\/essentielle-psychotherapie.com\/en\/","logo":{"@type":"ImageObject","inLanguage":"en-GB","@id":"https:\/\/essentielle-psychotherapie.com\/en\/#\/schema\/logo\/image\/","url":"https:\/\/essentielle-psychotherapie.com\/wp-content\/uploads\/2019\/01\/favicon-256x256.png","contentUrl":"https:\/\/essentielle-psychotherapie.com\/wp-content\/uploads\/2019\/01\/favicon-256x256.png","width":256,"height":256,"caption":"Institut f\u00fcr Essentielle Psychotherapie"},"image":{"@id":"https:\/\/essentielle-psychotherapie.com\/en\/#\/schema\/logo\/image\/"}}]}},"_links":{"self":[{"href":"https:\/\/essentielle-psychotherapie.com\/en\/wp-json\/wp\/v2\/pages\/13196","targetHints":{"allow":["GET"]}}],"collection":[{"href":"https:\/\/essentielle-psychotherapie.com\/en\/wp-json\/wp\/v2\/pages"}],"about":[{"href":"https:\/\/essentielle-psychotherapie.com\/en\/wp-json\/wp\/v2\/types\/page"}],"author":[{"embeddable":true,"href":"https:\/\/essentielle-psychotherapie.com\/en\/wp-json\/wp\/v2\/users\/1"}],"replies":[{"embeddable":true,"href":"https:\/\/essentielle-psychotherapie.com\/en\/wp-json\/wp\/v2\/comments?post=13196"}],"version-history":[{"count":67,"href":"https:\/\/essentielle-psychotherapie.com\/en\/wp-json\/wp\/v2\/pages\/13196\/revisions"}],"predecessor-version":[{"id":15274,"href":"https:\/\/essentielle-psychotherapie.com\/en\/wp-json\/wp\/v2\/pages\/13196\/revisions\/15274"}],"wp:attachment":[{"href":"https:\/\/essentielle-psychotherapie.com\/en\/wp-json\/wp\/v2\/media?parent=13196"}],"curies":[{"name":"wp","href":"https:\/\/api.w.org\/{rel}","templated":true}]}}