{"id":13949,"date":"2018-11-24T11:17:33","date_gmt":"2018-11-24T10:17:33","guid":{"rendered":"http:\/\/s521754890.online.de\/?page_id=13949"},"modified":"2025-06-11T09:44:01","modified_gmt":"2025-06-11T08:44:01","slug":"datenschutzerklaerung","status":"publish","type":"page","link":"https:\/\/essentielle-psychotherapie.com\/en\/datenschutzerklaerung","title":{"rendered":"Privacy Statement"},"content":{"rendered":"<p><div class=\"fusion-fullwidth fullwidth-box fusion-builder-row-2 nonhundred-percent-fullwidth non-hundred-percent-height-scrolling\" style=\"--awb-border-radius-top-left:0px;--awb-border-radius-top-right:0px;--awb-border-radius-bottom-right:0px;--awb-border-radius-bottom-left:0px;--awb-flex-wrap:wrap;\" ><div class=\"fusion-builder-row fusion-row\"><div class=\"fusion-layout-column fusion_builder_column fusion-builder-column-1 fusion_builder_column_1_1 1_1 fusion-one-full fusion-column-first fusion-column-last\" style=\"--awb-bg-size:cover;\"><div class=\"fusion-column-wrapper fusion-flex-column-wrapper-legacy\"><div class=\"fusion-title title fusion-title-2 fusion-title-text fusion-title-size-one\"><h1 class=\"fusion-title-heading title-heading-left fusion-responsive-typography-calculated\" style=\"margin:0;--fontSize:33;line-height:1.45;\">Privacy Statement<\/h1><span class=\"awb-title-spacer\"><\/span><div class=\"title-sep-container\"><div class=\"title-sep sep-double sep-solid\" style=\"border-color:#e0dede;\"><\/div><\/div><\/div><div class=\"fusion-text fusion-text-2\"><h4><strong>Information acc. \u00a7 5 TMG<\/strong><\/h4>\n<p><strong>DATA PROTECTION<\/strong><br \/>\nResponsible body in accord with the data protection laws, in particular the EU data protection basic regulation (DSGVO):<\/p>\n<p>Psychologist Wolfgang Erhardt<\/p>\n<p><strong>Your victims rights<\/strong><br \/>\nYou can always exercise the following rights under the contact details of our data protection officer:<br \/>\nInformation about your stored data and their processing (Art. 15 GDPR), Correction of incorrect personal data (Art. 16 GDPR), Deletion of your stored data (Art. 17 GDPR), Restriction of data processing, if we are not yet allowed to delete your data due to legal obligations (Art. 18 GDPR), Objection to the processing of your data by us (Article 21 GDPR) and Data portability, provided that you have consented to the data processing or have concluded a contract with us (Article 20 GDPR). If you have given us your consent, you can revoke it at any time with effect for the future.<br \/>\nYou can contact a regulatory authority at any time with a complaint, such as: B. to the competent supervisory authority of the federal state of your domicile or to the authority responsible for us as responsible authority. A list of the supervisory authorities (for the nonpublic area) with address can be found at:<br \/>\nhttps:\/\/www.bfdi.bund.de\/DE\/Infothek\/Anschrift en_Links\/anschriften_links-node.html<\/p>\n<p><strong>contact form:<\/strong><br \/>\nType and purpose of processing: The data you enter will be stored for the purpose of individual communication with you. This requires a valid e-mail address and your name. This serves to assign the request and the subsequent answering of the same. The specification of further data is optional.<\/p>\n<p><strong>Legal basis:<\/strong><br \/>\nThe processing of the data entered into the contact form takes place on the basis of a legitimate interest (Article 6 (1) (f) DSGVO). By providing the contact form we would like to offer to you a uncomplicated form of contact. Your information will be stored for the purpose of processing the request and for possible follow-up questions.<\/p>\n<p>In the case you contact us to inquire about an offer, the processing of the data entered in the contact form will take place in order to implement pre-contractual measures (Art. 6 (1) (b) GDPR).<\/p>\n<p><strong>Receiver:<\/strong><br \/>\nThe recipient of the data may be a processor.<br \/>\nStorage time: Data will be deleted no later than 6 months after processing the request.<br \/>\nIf it comes to a contractual relationship, we are subject to the statutory retention periods according to HGB and delete your data after these deadlines.<br \/>\nProvision required or required:<br \/>\nThe provision of your personal data is voluntary. However, we can only process your request if you provide us with your name, your e-mail address and the reason for the request. Using script libraries (Google Webfonts) Type and purpose of processing: To make our content cross-browser accurate and graphically pleasing, we use &#8220;Google Web Fonts&#8221; from Google LLC (1600 Amphitheater Parkway, Mountain View, CA 94043, USA, hereafter &#8220;Google&#8221;) to display fonts. The privacy policy of the library operator<br \/>\nGoogle can be found here:<br \/>\nhttps:\/\/www.google.com\/policies\/privacy\/Rechtsgrundlage:<\/p>\n<p>Legal basis:<br \/>\nThe legal basis for the integration of Google Webfonts and the associated data transfer to Google is your consent (Art. 6 (1) lit. DSGVO).<br \/>\nReceiver:<br \/>\nThe call of script libraries or font libraries automatically triggers a connection to the operator of the library. It is theoretically possible &#8211; but currently also unclear whether and, if so, for what purposes &#8211; that the operator collects Google data in this case.<br \/>\nStorage time:<br \/>\nWe do not collect personal information through the inclusion of Google Webfonts.<\/p>\n<p>More information about Google Web Fonts can be found at https:\/\/developers.google.com\/fonts\/faq and in Google&#8217;s Privacy Policy:<br \/>\nhttps:\/\/www.google.com\/policies\/privacy\/<\/p>\n<p><strong>Third country transfer:<\/strong><br \/>\nGoogle processes your data in the US and has submitted to the EU_US Privacy Shield https:\/\/www.privacyshield.gov\/EU-US Framework.<br \/>\nProvision required or required:<br \/>\nThe provision of personal data is neither statutory nor contractually required. However, without the correct representation of the contents of standard fonts can not be made possible.<br \/>\nWithdrawal of consent: For the presentation of the contents the programming language JavaScript is used regularly. You can therefore object to data processing by disabling the execution of JavaScript in your browser or installing a JavaScript Blocker inclusion. Please note that this may result in functional restrictions on the website.<\/p>\n<p><strong>Change of our privacy policy<\/strong><br \/>\nWe reserve the right to amend this privacy policy to always comply with the current legal requirements or to implement changes to our services in the privacy policy, e.g. when introducing new services. Your new visit will be subject to the new privacy policy.<\/p>\n<p><strong>Questions to the data protection officer<\/strong><br \/>\nIf you have any questions about privacy, please email us or contact the person responsible for<br \/>\ndata protection in our organization:<br \/>\nThe privacy policy has been created with the privacy statement generator of activeMind AG (version 2018-09-24).<\/p>\n<\/div><div class=\"fusion-clearfix\"><\/div><\/div><\/div><\/div><\/div><\/p>","protected":false},"excerpt":{"rendered":"","protected":false},"author":1,"featured_media":0,"parent":0,"menu_order":3,"comment_status":"closed","ping_status":"closed","template":"","meta":{"footnotes":""},"class_list":["post-13949","page","type-page","status-publish","hentry"],"yoast_head":"<!-- This site is optimized with the Yoast SEO plugin v27.0 - https:\/\/yoast.com\/product\/yoast-seo-wordpress\/ -->\n<title>Privacy Statement - Institut f\u00fcr Essentielle Psychotherapie<\/title>\n<meta name=\"robots\" content=\"index, follow, max-snippet:-1, max-image-preview:large, max-video-preview:-1\" \/>\n<link rel=\"canonical\" href=\"https:\/\/essentielle-psychotherapie.com\/datenschutzerklaerung\" \/>\n<meta property=\"og:locale\" content=\"en_GB\" \/>\n<meta property=\"og:type\" content=\"article\" \/>\n<meta property=\"og:title\" content=\"[:de]Datenschutzerkl\u00e4rung[:en]Privacy Statement[:fr]D\u00e9claration de confidentialit\u00e9[:] - Institut f\u00fcr Essentielle Psychotherapie\" \/>\n<meta property=\"og:url\" content=\"https:\/\/essentielle-psychotherapie.com\/datenschutzerklaerung\" \/>\n<meta property=\"og:site_name\" content=\"Institut f\u00fcr Essentielle Psychotherapie\" \/>\n<meta property=\"article:modified_time\" content=\"2025-06-11T08:44:01+00:00\" \/>\n<meta name=\"twitter:card\" content=\"summary_large_image\" \/>\n<meta name=\"twitter:label1\" content=\"Estimated reading time\" \/>\n\t<meta name=\"twitter:data1\" content=\"4 minutes\" \/>\n<script type=\"application\/ld+json\" class=\"yoast-schema-graph\">{\"@context\":\"https:\/\/schema.org\",\"@graph\":[{\"@type\":\"WebPage\",\"@id\":\"https:\/\/essentielle-psychotherapie.com\/datenschutzerklaerung\",\"url\":\"https:\/\/essentielle-psychotherapie.com\/datenschutzerklaerung\",\"name\":\"[:de]Datenschutzerkl\u00e4rung[:en]Privacy Statement[:fr]D\u00e9claration de confidentialit\u00e9[:] - Institut f\u00fcr Essentielle Psychotherapie\",\"isPartOf\":{\"@id\":\"https:\/\/essentielle-psychotherapie.com\/en\/#website\"},\"datePublished\":\"2018-11-24T10:17:33+00:00\",\"dateModified\":\"2025-06-11T08:44:01+00:00\",\"breadcrumb\":{\"@id\":\"https:\/\/essentielle-psychotherapie.com\/datenschutzerklaerung#breadcrumb\"},\"inLanguage\":\"en-GB\",\"potentialAction\":[{\"@type\":\"ReadAction\",\"target\":[\"https:\/\/essentielle-psychotherapie.com\/datenschutzerklaerung\"]}]},{\"@type\":\"BreadcrumbList\",\"@id\":\"https:\/\/essentielle-psychotherapie.com\/datenschutzerklaerung#breadcrumb\",\"itemListElement\":[{\"@type\":\"ListItem\",\"position\":1,\"name\":\"Startseite\",\"item\":\"https:\/\/essentielle-psychotherapie.com\/\"},{\"@type\":\"ListItem\",\"position\":2,\"name\":\"Datenschutzerkl\u00e4rung\"}]},{\"@type\":\"WebSite\",\"@id\":\"https:\/\/essentielle-psychotherapie.com\/en\/#website\",\"url\":\"https:\/\/essentielle-psychotherapie.com\/en\/\",\"name\":\"Institut f\u00fcr Essentielle Psychotherapie\",\"description\":\"\",\"publisher\":{\"@id\":\"https:\/\/essentielle-psychotherapie.com\/en\/#organization\"},\"potentialAction\":[{\"@type\":\"SearchAction\",\"target\":{\"@type\":\"EntryPoint\",\"urlTemplate\":\"https:\/\/essentielle-psychotherapie.com\/en\/?s={search_term_string}\"},\"query-input\":{\"@type\":\"PropertyValueSpecification\",\"valueRequired\":true,\"valueName\":\"search_term_string\"}}],\"inLanguage\":\"en-GB\"},{\"@type\":\"Organization\",\"@id\":\"https:\/\/essentielle-psychotherapie.com\/en\/#organization\",\"name\":\"Institut f\u00fcr Essentielle Psychotherapie\",\"url\":\"https:\/\/essentielle-psychotherapie.com\/en\/\",\"logo\":{\"@type\":\"ImageObject\",\"inLanguage\":\"en-GB\",\"@id\":\"https:\/\/essentielle-psychotherapie.com\/en\/#\/schema\/logo\/image\/\",\"url\":\"https:\/\/essentielle-psychotherapie.com\/wp-content\/uploads\/2019\/01\/favicon-256x256.png\",\"contentUrl\":\"https:\/\/essentielle-psychotherapie.com\/wp-content\/uploads\/2019\/01\/favicon-256x256.png\",\"width\":256,\"height\":256,\"caption\":\"Institut f\u00fcr Essentielle Psychotherapie\"},\"image\":{\"@id\":\"https:\/\/essentielle-psychotherapie.com\/en\/#\/schema\/logo\/image\/\"}}]}<\/script>\n<!-- \/ Yoast SEO plugin. -->","yoast_head_json":{"title":"[:de]Datenschutzerkl\u00e4rung[:en]Privacy Statement[:fr]D\u00e9claration de confidentialit\u00e9[:] - Institut f\u00fcr Essentielle Psychotherapie","robots":{"index":"index","follow":"follow","max-snippet":"max-snippet:-1","max-image-preview":"max-image-preview:large","max-video-preview":"max-video-preview:-1"},"canonical":"https:\/\/essentielle-psychotherapie.com\/datenschutzerklaerung","og_locale":"en_GB","og_type":"article","og_title":"[:de]Datenschutzerkl\u00e4rung[:en]Privacy Statement[:fr]D\u00e9claration de confidentialit\u00e9[:] - Institut f\u00fcr Essentielle Psychotherapie","og_url":"https:\/\/essentielle-psychotherapie.com\/datenschutzerklaerung","og_site_name":"Institut f\u00fcr Essentielle Psychotherapie","article_modified_time":"2025-06-11T08:44:01+00:00","twitter_card":"summary_large_image","twitter_misc":{"Estimated reading time":"4 minutes"},"schema":{"@context":"https:\/\/schema.org","@graph":[{"@type":"WebPage","@id":"https:\/\/essentielle-psychotherapie.com\/datenschutzerklaerung","url":"https:\/\/essentielle-psychotherapie.com\/datenschutzerklaerung","name":"[:de]Datenschutzerkl\u00e4rung[:en]Privacy Statement[:fr]D\u00e9claration de confidentialit\u00e9[:] - Institut f\u00fcr Essentielle Psychotherapie","isPartOf":{"@id":"https:\/\/essentielle-psychotherapie.com\/en\/#website"},"datePublished":"2018-11-24T10:17:33+00:00","dateModified":"2025-06-11T08:44:01+00:00","breadcrumb":{"@id":"https:\/\/essentielle-psychotherapie.com\/datenschutzerklaerung#breadcrumb"},"inLanguage":"en-GB","potentialAction":[{"@type":"ReadAction","target":["https:\/\/essentielle-psychotherapie.com\/datenschutzerklaerung"]}]},{"@type":"BreadcrumbList","@id":"https:\/\/essentielle-psychotherapie.com\/datenschutzerklaerung#breadcrumb","itemListElement":[{"@type":"ListItem","position":1,"name":"Startseite","item":"https:\/\/essentielle-psychotherapie.com\/"},{"@type":"ListItem","position":2,"name":"Datenschutzerkl\u00e4rung"}]},{"@type":"WebSite","@id":"https:\/\/essentielle-psychotherapie.com\/en\/#website","url":"https:\/\/essentielle-psychotherapie.com\/en\/","name":"Institut f\u00fcr Essentielle Psychotherapie","description":"","publisher":{"@id":"https:\/\/essentielle-psychotherapie.com\/en\/#organization"},"potentialAction":[{"@type":"SearchAction","target":{"@type":"EntryPoint","urlTemplate":"https:\/\/essentielle-psychotherapie.com\/en\/?s={search_term_string}"},"query-input":{"@type":"PropertyValueSpecification","valueRequired":true,"valueName":"search_term_string"}}],"inLanguage":"en-GB"},{"@type":"Organization","@id":"https:\/\/essentielle-psychotherapie.com\/en\/#organization","name":"Institut f\u00fcr Essentielle Psychotherapie","url":"https:\/\/essentielle-psychotherapie.com\/en\/","logo":{"@type":"ImageObject","inLanguage":"en-GB","@id":"https:\/\/essentielle-psychotherapie.com\/en\/#\/schema\/logo\/image\/","url":"https:\/\/essentielle-psychotherapie.com\/wp-content\/uploads\/2019\/01\/favicon-256x256.png","contentUrl":"https:\/\/essentielle-psychotherapie.com\/wp-content\/uploads\/2019\/01\/favicon-256x256.png","width":256,"height":256,"caption":"Institut f\u00fcr Essentielle Psychotherapie"},"image":{"@id":"https:\/\/essentielle-psychotherapie.com\/en\/#\/schema\/logo\/image\/"}}]}},"_links":{"self":[{"href":"https:\/\/essentielle-psychotherapie.com\/en\/wp-json\/wp\/v2\/pages\/13949","targetHints":{"allow":["GET"]}}],"collection":[{"href":"https:\/\/essentielle-psychotherapie.com\/en\/wp-json\/wp\/v2\/pages"}],"about":[{"href":"https:\/\/essentielle-psychotherapie.com\/en\/wp-json\/wp\/v2\/types\/page"}],"author":[{"embeddable":true,"href":"https:\/\/essentielle-psychotherapie.com\/en\/wp-json\/wp\/v2\/users\/1"}],"replies":[{"embeddable":true,"href":"https:\/\/essentielle-psychotherapie.com\/en\/wp-json\/wp\/v2\/comments?post=13949"}],"version-history":[{"count":10,"href":"https:\/\/essentielle-psychotherapie.com\/en\/wp-json\/wp\/v2\/pages\/13949\/revisions"}],"predecessor-version":[{"id":15668,"href":"https:\/\/essentielle-psychotherapie.com\/en\/wp-json\/wp\/v2\/pages\/13949\/revisions\/15668"}],"wp:attachment":[{"href":"https:\/\/essentielle-psychotherapie.com\/en\/wp-json\/wp\/v2\/media?parent=13949"}],"curies":[{"name":"wp","href":"https:\/\/api.w.org\/{rel}","templated":true}]}}