{"id":10868,"date":"2016-11-26T16:32:51","date_gmt":"2016-11-26T15:32:51","guid":{"rendered":"http:\/\/avada.theme-fusion.com_demos\/portfolio\/?page_id=10868"},"modified":"2025-04-25T20:22:30","modified_gmt":"2025-04-25T19:22:30","slug":"startseite","status":"publish","type":"page","link":"https:\/\/essentielle-psychotherapie.com\/fr\/","title":{"rendered":"Home"},"content":{"rendered":"<p><div class=\"fusion-fullwidth fullwidth-box fusion-builder-row-9 nonhundred-percent-fullwidth non-hundred-percent-height-scrolling fusion-equal-height-columns\" style=\"--awb-border-radius-top-left:0px;--awb-border-radius-top-right:0px;--awb-border-radius-bottom-right:0px;--awb-border-radius-bottom-left:0px;--awb-padding-top:20px;--awb-padding-bottom:20px;--awb-margin-bottom:-90px;--awb-flex-wrap:wrap;\" ><div class=\"fusion-builder-row fusion-row\"><div class=\"fusion-layout-column fusion_builder_column fusion-builder-column-12 fusion_builder_column_1_6 1_6 fusion-one-sixth fusion-column-first\" style=\"--awb-padding-right:30%;--awb-padding-left:-10px;--awb-bg-size:cover;--awb-margin-bottom:-50px;width:16.666666666667%;width:calc(16.666666666667% - ( ( 4% ) * 0.16666666666667 ) );margin-right: 4%;\"><div class=\"fusion-column-wrapper fusion-flex-column-wrapper-legacy\"><div class=\"fusion-widget-area awb-widget-area-element fusion-widget-area-3 fusion-content-widget-area\" style=\"--awb-title-size:14px;--awb-title-color:#333333;--awb-padding:0px 0px 0px 0px;\"><style type=\"text\/css\">\n.qtranxs_widget ul { margin: 0; }\r\n.qtranxs_widget ul li\r\n{\r\ndisplay: inline; \/* horizontal list, use \"list-item\" or other appropriate value for vertical list *\/\r\nlist-style-type: none; \/* use \"initial\" or other to enable bullets *\/\r\nmargin: 0 5px 0 0; \/* adjust spacing between items *\/\r\nopacity: 0.5;\r\n-o-transition: 1s ease opacity;\r\n-moz-transition: 1s ease opacity;\r\n-webkit-transition: 1s ease opacity;\r\ntransition: 1s ease opacity;\r\n}\r\n\/* .qtranxs_widget ul li span { margin: 0 5px 0 0; } *\/ \/* other way to control spacing *\/\r\n.qtranxs_widget ul li.active { opacity: 0.8; }\r\n.qtranxs_widget ul li:hover { opacity: 1; }\r\n.qtranxs_widget img { box-shadow: none; vertical-align: middle; display: initial; }\r\n.qtranxs_flag { height:12px; width:18px; display:block; }\r\n.qtranxs_flag_and_text { padding-left:20px; }\r\n.qtranxs_flag span { display:none; }\r\n<\/style>\n<div id=\"qtranslate-2\" class=\"widget qtranxs_widget\">\n<ul class=\"language-chooser language-chooser-both qtranxs_language_chooser\" id=\"qtranslate-2-chooser\">\n<li><a href=\"https:\/\/essentielle-psychotherapie.com\/de\/wp-json\/wp\/v2\/pages\/10868\" class=\"qtranxs_flag_de qtranxs_flag_and_text\" title=\"Deutsch (de)\"><span>Deutsch<\/span><\/a><\/li>\n<li><a href=\"https:\/\/essentielle-psychotherapie.com\/en\/wp-json\/wp\/v2\/pages\/10868\" class=\"qtranxs_flag_en qtranxs_flag_and_text\" title=\"English (en)\"><span>English<\/span><\/a><\/li>\n<li class=\"active\"><a href=\"https:\/\/essentielle-psychotherapie.com\/fr\/wp-json\/wp\/v2\/pages\/10868\" class=\"qtranxs_flag_fr qtranxs_flag_and_text\" title=\"Fran\u00e7ais (fr)\"><span>Fran\u00e7ais<\/span><\/a><\/li>\n<\/ul><div class=\"qtranxs_widget_end\"><\/div>\n<\/div><div class=\"fusion-additional-widget-content\"><\/div><\/div><div class=\"fusion-clearfix\"><\/div><\/div><\/div><div class=\"fusion-layout-column fusion_builder_column fusion-builder-column-13 fusion_builder_column_5_6 5_6 fusion-five-sixth fusion-column-last\" style=\"--awb-padding-right:;--awb-padding-left:100px;--awb-bg-size:cover;width:83.333333333333%;width:calc(83.333333333333% - ( ( 4% ) * 0.83333333333333 ) );\"><div class=\"fusion-column-wrapper fusion-flex-column-wrapper-legacy\"><div class=\"fusion-title title fusion-title-3 fusion-title-text fusion-title-size-one\"><h1 class=\"fusion-title-heading title-heading-left fusion-responsive-typography-calculated\" style=\"margin:0;--fontSize:33;line-height:1.45;\">Institut de Psychoth\u00e9rapie Essentielle<\/h1><span class=\"awb-title-spacer\"><\/span><div class=\"title-sep-container\"><div class=\"title-sep sep-double sep-solid\" style=\"border-color:#e0dede;\"><\/div><\/div><\/div><div class=\"fusion-clearfix\"><\/div><\/div><\/div><\/div><\/div><div class=\"fusion-fullwidth fullwidth-box fusion-builder-row-10 nonhundred-percent-fullwidth non-hundred-percent-height-scrolling\" style=\"--awb-background-position:left top;--awb-border-radius-top-left:0px;--awb-border-radius-top-right:0px;--awb-border-radius-bottom-right:0px;--awb-border-radius-bottom-left:0px;--awb-padding-top:95px;--awb-padding-bottom:20px;--awb-background-color:yes;--awb-border-sizes-top:0px;--awb-border-sizes-bottom:0px;--awb-flex-wrap:wrap;\" ><div class=\"fusion-builder-row fusion-row\"><div class=\"fusion-layout-column fusion_builder_column fusion-builder-column-14 fusion_builder_column_1_1 1_1 fusion-one-full fusion-column-first fusion-column-last\" style=\"--awb-bg-size:cover;\"><div class=\"fusion-column-wrapper fusion-flex-column-wrapper-legacy\"><div class=\"fusion-sep-clear\"><\/div><div class=\"fusion-separator fusion-no-small-visibility fusion-full-width-sep\" style=\"margin-left: auto;margin-right: auto;margin-bottom:20px;width:100%;\"><div class=\"fusion-separator-border sep-single sep-solid\" style=\"--awb-height:20px;--awb-amount:20px;border-color:#e0dede;border-top-width:1px;\"><\/div><\/div><div class=\"fusion-sep-clear\"><\/div><div class=\"fusion-clearfix\"><\/div><\/div><\/div><div class=\"fusion-layout-column fusion_builder_column fusion-builder-column-15 fusion_builder_column_1_1 1_1 fusion-one-full fusion-column-first fusion-column-last fusion-column-no-min-height fusion-animated\" style=\"--awb-bg-size:cover;--awb-margin-bottom:0px;\" data-animationType=\"slideInLeft\" data-animationDuration=\"0.4\" data-animationOffset=\"top-into-view\"><div class=\"fusion-column-wrapper fusion-flex-column-wrapper-legacy\"><div class=\"fusion-content-boxes content-boxes columns row fusion-columns-3 fusion-columns-total-3 fusion-content-boxes-5 content-boxes-icon-boxed content-left\" style=\"--awb-title-color:#f4f4f4;--awb-iconcolor:#000000;--awb-hover-accent-color:#008cff;--awb-circle-hover-accent-color:#008cff;\" data-animationOffset=\"top-into-view\"><div style=\"--awb-backgroundcolor:rgba(82,116,158,0.82);--awb-iconcolor:#000000;\" class=\"fusion-column content-box-column content-box-column content-box-column-1 col-lg-4 col-md-4 col-sm-4 fusion-content-box-hover content-box-column-first-in-row\"><div class=\"col content-box-wrapper content-wrapper-background content-wrapper-boxed link-area-box link-type-text icon-hover-animation-fade\" data-link=\"https:\/\/essentielle-psychotherapie.com\/fr\/wir-ueber-uns\" data-link-target=\"_self\" data-animationOffset=\"top-into-view\"><div class=\"heading heading-with-icon icon-left\"><a class=\"heading-link\" href=\"https:\/\/essentielle-psychotherapie.com\/fr\/wir-ueber-uns\" target=\"_self\"><div class=\"icon\"><i style=\"border-color:#000000;border-width:1px;background-color:#ffffff;box-sizing:content-box;height:60px;width:60px;line-height:60px;top:-80px;margin-left:-30px;border-radius:50%;font-size:30px;\" aria-hidden=\"true\" class=\"fontawesome-icon fa-user fas circle-yes\"><\/i><\/div><h2 class=\"content-box-heading fusion-responsive-typography-calculated\" style=\"--h2_typography-font-size:18px;--fontSize:18;line-height:1.5;\">\u00c0 propos de nous<\/h2><\/a><\/div><\/div><\/div><div style=\"--awb-backgroundcolor:rgba(82,116,158,0.82);--awb-iconcolor:#000000;\" class=\"fusion-column content-box-column content-box-column content-box-column-2 col-lg-4 col-md-4 col-sm-4 fusion-content-box-hover \"><div class=\"col content-box-wrapper content-wrapper-background content-wrapper-boxed link-area-box link-type-text icon-hover-animation-fade\" data-link=\"https:\/\/essentielle-psychotherapie.com\/fr\/kontakt\" data-link-target=\"_self\" data-animationOffset=\"top-into-view\"><div class=\"heading heading-with-icon icon-left\"><a class=\"heading-link\" href=\"https:\/\/essentielle-psychotherapie.com\/fr\/kontakt\" target=\"_self\"><div class=\"icon\"><i style=\"border-color:#000000;border-width:1px;background-color:#ffffff;box-sizing:content-box;height:60px;width:60px;line-height:60px;top:-80px;margin-left:-30px;border-radius:50%;font-size:30px;\" aria-hidden=\"true\" class=\"fontawesome-icon fa-envelope far circle-yes\"><\/i><\/div><h2 class=\"content-box-heading fusion-responsive-typography-calculated\" style=\"--h2_typography-font-size:18px;--fontSize:18;line-height:1.5;\">Contact<\/h2><\/a><\/div><\/div><\/div><div style=\"--awb-backgroundcolor:rgba(82,116,158,0.82);--awb-iconcolor:#000000;\" class=\"fusion-column content-box-column content-box-column content-box-column-3 col-lg-4 col-md-4 col-sm-4 fusion-content-box-hover content-box-column-last content-box-column-last-in-row\"><div class=\"col content-box-wrapper content-wrapper-background content-wrapper-boxed link-area-box link-type-text icon-hover-animation-fade\" data-link=\"https:\/\/essentielle-psychotherapie.com\/fr\/downloadbereich\" data-link-target=\"_self\" data-animationOffset=\"top-into-view\"><div class=\"heading heading-with-icon icon-left\"><a class=\"heading-link\" href=\"https:\/\/essentielle-psychotherapie.com\/fr\/downloadbereich\" target=\"_self\"><div class=\"icon\"><i style=\"border-color:#000000;border-width:1px;background-color:#ffffff;box-sizing:content-box;height:60px;width:60px;line-height:60px;top:-80px;margin-left:-30px;border-radius:50%;font-size:30px;\" aria-hidden=\"true\" class=\"fontawesome-icon fa-caret-square-down far circle-yes\"><\/i><\/div><h2 class=\"content-box-heading fusion-responsive-typography-calculated\" style=\"--h2_typography-font-size:18px;--fontSize:18;line-height:1.5;\">Zone de t\u00e9l\u00e9chargement<\/h2><\/a><\/div><\/div><\/div><div class=\"fusion-clearfix\"><\/div><\/div><div class=\"fusion-clearfix\"><\/div><\/div><\/div><\/div><\/div><div class=\"fusion-fullwidth fullwidth-box fusion-builder-row-11 nonhundred-percent-fullwidth non-hundred-percent-height-scrolling\" style=\"--awb-border-radius-top-left:0px;--awb-border-radius-top-right:0px;--awb-border-radius-bottom-right:0px;--awb-border-radius-bottom-left:0px;--awb-padding-top:20px;--awb-padding-bottom:20px;--awb-flex-wrap:wrap;\" ><div class=\"fusion-builder-row fusion-row\"><div class=\"fusion-layout-column fusion_builder_column fusion-builder-column-16 fusion_builder_column_1_1 1_1 fusion-one-full fusion-column-first fusion-column-last fusion-animated\" style=\"--awb-bg-size:cover;\" data-animationType=\"slideInRight\" data-animationDuration=\"0.4\" data-animationOffset=\"top-into-view\"><div class=\"fusion-column-wrapper fusion-flex-column-wrapper-legacy\"><div class=\"fusion-content-boxes content-boxes columns row fusion-columns-3 fusion-columns-total-3 fusion-content-boxes-6 content-boxes-icon-boxed content-left fusion-delayed-animation\" style=\"--awb-title-color:#f4f4f4;--awb-hover-accent-color:#008cff;--awb-circle-hover-accent-color:#008cff;\" data-animation-delay=\"200\" data-animationOffset=\"top-into-view\"><div style=\"--awb-backgroundcolor:rgba(82,116,158,0.82);--awb-iconcolor:#000000;\" class=\"fusion-column content-box-column content-box-column content-box-column-1 col-lg-4 col-md-4 col-sm-4 fusion-content-box-hover content-box-column-first-in-row\"><div class=\"col content-box-wrapper content-wrapper-background content-wrapper-boxed link-area-box link-type-text icon-hover-animation-fade\" data-link=\"https:\/\/essentielle-psychotherapie.com\/fr\/therapeutenliste\" data-link-target=\"_self\" data-animationOffset=\"top-into-view\"><div class=\"heading heading-with-icon icon-left\"><a class=\"heading-link\" href=\"https:\/\/essentielle-psychotherapie.com\/fr\/therapeutenliste\" target=\"_self\"><div class=\"icon\" style=\"-webkit-animation-duration: 200ms;animation-duration: 200ms;\"><i style=\"border-color:#000000;border-width:1px;background-color:#ffffff;box-sizing:content-box;height:60px;width:60px;line-height:60px;top:-80px;margin-left:-30px;border-radius:50%;font-size:30px;\" aria-hidden=\"true\" class=\"fontawesome-icon fa-thumbs-up far circle-yes\"><\/i><\/div><h2 class=\"content-box-heading fusion-responsive-typography-calculated\" style=\"--h2_typography-font-size:18px;--fontSize:18;line-height:1.5;\">Liste des th\u00e9rapeutes<\/h2><\/a><\/div><\/div><\/div><div style=\"--awb-backgroundcolor:rgba(82,116,158,0.82);--awb-iconcolor:#000000;\" class=\"fusion-column content-box-column content-box-column content-box-column-2 col-lg-4 col-md-4 col-sm-4 fusion-content-box-hover \"><div class=\"col content-box-wrapper content-wrapper-background content-wrapper-boxed link-area-box link-type-text icon-hover-animation-fade\" data-link=\"https:\/\/essentielle-psychotherapie.com\/fr\/veranstaltungen\" data-link-target=\"_self\" data-animationOffset=\"top-into-view\"><div class=\"heading heading-with-icon icon-left\"><a class=\"heading-link\" href=\"https:\/\/essentielle-psychotherapie.com\/fr\/veranstaltungen\" target=\"_self\"><div class=\"icon\" style=\"-webkit-animation-duration: 200ms;animation-duration: 200ms;\"><i style=\"border-color:#000000;border-width:1px;background-color:#ffffff;box-sizing:content-box;height:60px;width:60px;line-height:60px;top:-80px;margin-left:-30px;border-radius:50%;font-size:30px;\" aria-hidden=\"true\" class=\"fontawesome-icon fa-hourglass-start fas circle-yes\"><\/i><\/div><h2 class=\"content-box-heading fusion-responsive-typography-calculated\" style=\"--h2_typography-font-size:18px;--fontSize:18;line-height:1.5;\">\u00c9v\u00e9nements<\/h2><\/a><\/div><\/div><\/div><div style=\"--awb-backgroundcolor:rgba(82,116,158,0.82);--awb-iconcolor:#000000;\" class=\"fusion-column content-box-column content-box-column content-box-column-3 col-lg-4 col-md-4 col-sm-4 fusion-content-box-hover content-box-column-last content-box-column-last-in-row\"><div class=\"col content-box-wrapper content-wrapper-background content-wrapper-boxed link-area-box link-type-text icon-hover-animation-fade\" data-link=\"https:\/\/essentielle-psychotherapie.com\/fr\/links\" data-link-target=\"_self\" data-animationOffset=\"top-into-view\"><div class=\"heading heading-with-icon icon-left\"><a class=\"heading-link\" href=\"https:\/\/essentielle-psychotherapie.com\/fr\/links\" target=\"_self\"><div class=\"icon\" style=\"-webkit-animation-duration: 200ms;animation-duration: 200ms;\"><i style=\"border-color:#000000;border-width:1px;background-color:#ffffff;box-sizing:content-box;height:60px;width:60px;line-height:60px;top:-80px;margin-left:-30px;border-radius:50%;font-size:30px;\" aria-hidden=\"true\" class=\"fontawesome-icon fa-external-link-alt fas circle-yes\"><\/i><\/div><h2 class=\"content-box-heading fusion-responsive-typography-calculated\" style=\"--h2_typography-font-size:18px;--fontSize:18;line-height:1.5;\">Links<\/h2><\/a><\/div><\/div><\/div><div class=\"fusion-clearfix\"><\/div><\/div><div class=\"fusion-clearfix\"><\/div><\/div><\/div><\/div><\/div><div class=\"fusion-fullwidth fullwidth-box fusion-builder-row-12 video-background nonhundred-percent-fullwidth non-hundred-percent-height-scrolling\" style=\"--awb-background-position:left top;--awb-background-blend-mode:overlay;--awb-border-radius-top-left:0px;--awb-border-radius-top-right:0px;--awb-border-radius-bottom-right:0px;--awb-border-radius-bottom-left:0px;--awb-padding-top:85px;--awb-padding-bottom:75px;--awb-background-color:rgba(103,150,191,0.9);--awb-border-sizes-top:0px;--awb-border-sizes-bottom:0px;--awb-flex-wrap:wrap;\" ><div class=\"fullwidth-video-image\" style=\"background-image:url(http:\/\/s521754890.online.de\/wp-content\/uploads\/2014\/11\/page_workers_preview.jpg);\"><\/div><div class=\"fullwidth-video\"><video preload=\"auto\" autoplay playsinline loop muted><source src=\"http:\/\/s521754890.online.de\/wp-content\/uploads\/2016\/11\/Aflame-4933_1.webm\" type=\"video\/webm\"><source src=\"http:\/\/s521754890.online.de\/wp-content\/uploads\/2016\/11\/Aflame-4933.mp4\" type=\"video\/mp4\"><\/video><\/div><div class=\"fullwidth-overlay\" style=\"background-color:rgba(103,150,191,0.9);\"><\/div><div class=\"fusion-builder-row fusion-row\"><div class=\"fusion-layout-column fusion_builder_column fusion-builder-column-17 fusion_builder_column_1_1 1_1 fusion-one-full fusion-column-first fusion-column-last fusion-column-no-min-height\" style=\"--awb-bg-size:cover;--awb-margin-bottom:0px;\"><div class=\"fusion-column-wrapper fusion-flex-column-wrapper-legacy\"><div class=\"fusion-testimonials clean awb-speech-bubble-show fusion-testimonials-3\" style=\"--awb-textcolor:#ffffff;--awb-backgroundcolor:rgba(255,255,255,0);--awb-testimonial-border-style:solid;--awb-testimonial-border-color:var(--awb-color3);--awb-border-top-left-radius:0px;--awb-border-top-right-radius:0px;--awb-border-bottom-left-radius:0px;--awb-border-bottom-right-radius:0px;--testimonial-border-width-top:0px;--testimonial-border-width-right:0px;--testimonial-border-width-bottom:0px;--testimonial-border-width-left:0px;\" data-random=\"0\" data-speed=\"0\"><div class=\"reviews\"><div class=\"review active-testimonial avatar-above no-avatar\"><blockquote class=\"testimonials-shortcode-blockquote\"><div class=\"awb-quote\"><div class=\"awb-quote-content\">L&rsquo;institut de Psychoth\u00e9rapie Essentielle s&rsquo;est donn\u00e9 pour t\u00e2che de d\u00e9velopper et dispenser une<br \/>\nformation avanc\u00e9e aux m\u00e9thodes de psychoth\u00e9rapie ancr\u00e9e dans les enseignements de la sagesse du<br \/>\nBuddhadharma et d&rsquo;y int\u00e9grer les m\u00e9thodes bouddhistes de l&rsquo;entra\u00eenement de l&rsquo;esprit.<\/div><\/div><\/blockquote><div class=\"author\"><span class=\"company-name\"><\/span><\/div><\/div><\/div><\/div><div class=\"fusion-clearfix\"><\/div><\/div><\/div><\/div><\/div><\/p>","protected":false},"excerpt":{"rendered":"","protected":false},"author":1,"featured_media":0,"parent":0,"menu_order":19,"comment_status":"open","ping_status":"open","template":"100-width.php","meta":{"footnotes":""},"class_list":["post-10868","page","type-page","status-publish","hentry"],"yoast_head":"<!-- This site is optimized with the Yoast SEO plugin v27.0 - https:\/\/yoast.com\/product\/yoast-seo-wordpress\/ -->\n<title>Startseite: Herzlich Willkommen - Institut f\u00fcr Essentielle Psychotherapie<\/title>\n<meta name=\"description\" content=\"Finden Sie Heilung, innere Klarheit und spirituelle Tiefe \u2013 am Institut f\u00fcr Essentielle Psychotherapie. Seminare und Ausbildungen in Deutschland und Europa.\" \/>\n<meta name=\"robots\" content=\"index, follow, max-snippet:-1, max-image-preview:large, max-video-preview:-1\" \/>\n<link rel=\"canonical\" href=\"https:\/\/essentielle-psychotherapie.com\/\" \/>\n<meta property=\"og:locale\" content=\"fr_FR\" \/>\n<meta property=\"og:type\" content=\"article\" \/>\n<meta property=\"og:title\" content=\"Startseite: Herzlich Willkommen - Institut f\u00fcr Essentielle Psychotherapie\" \/>\n<meta property=\"og:description\" content=\"Finden Sie Heilung, innere Klarheit und spirituelle Tiefe \u2013 am Institut f\u00fcr Essentielle Psychotherapie. Seminare und Ausbildungen in Deutschland und Europa.\" \/>\n<meta property=\"og:url\" content=\"https:\/\/essentielle-psychotherapie.com\/\" \/>\n<meta property=\"og:site_name\" content=\"Institut f\u00fcr Essentielle Psychotherapie\" \/>\n<meta property=\"article:modified_time\" content=\"2025-04-25T19:22:30+00:00\" \/>\n<meta name=\"twitter:card\" content=\"summary_large_image\" \/>\n<meta name=\"twitter:label1\" content=\"Dur\u00e9e de lecture estim\u00e9e\" \/>\n\t<meta name=\"twitter:data1\" content=\"1 minute\" \/>\n<script type=\"application\/ld+json\" class=\"yoast-schema-graph\">{\"@context\":\"https:\/\/schema.org\",\"@graph\":[{\"@type\":\"WebPage\",\"@id\":\"https:\/\/essentielle-psychotherapie.com\/\",\"url\":\"https:\/\/essentielle-psychotherapie.com\/\",\"name\":\"Startseite: Herzlich Willkommen - Institut f\u00fcr Essentielle Psychotherapie\",\"isPartOf\":{\"@id\":\"https:\/\/essentielle-psychotherapie.com\/en\/#website\"},\"datePublished\":\"2016-11-26T15:32:51+00:00\",\"dateModified\":\"2025-04-25T19:22:30+00:00\",\"description\":\"Finden Sie Heilung, innere Klarheit und spirituelle Tiefe \u2013 am Institut f\u00fcr Essentielle Psychotherapie. Seminare und Ausbildungen in Deutschland und Europa.\",\"breadcrumb\":{\"@id\":\"https:\/\/essentielle-psychotherapie.com\/#breadcrumb\"},\"inLanguage\":\"fr-FR\",\"potentialAction\":[{\"@type\":\"ReadAction\",\"target\":[\"https:\/\/essentielle-psychotherapie.com\/\"]}]},{\"@type\":\"BreadcrumbList\",\"@id\":\"https:\/\/essentielle-psychotherapie.com\/#breadcrumb\",\"itemListElement\":[{\"@type\":\"ListItem\",\"position\":1,\"name\":\"Startseite\",\"item\":\"https:\/\/essentielle-psychotherapie.com\/\"},{\"@type\":\"ListItem\",\"position\":2,\"name\":\"Home\"}]},{\"@type\":\"WebSite\",\"@id\":\"https:\/\/essentielle-psychotherapie.com\/en\/#website\",\"url\":\"https:\/\/essentielle-psychotherapie.com\/en\/\",\"name\":\"Institut f\u00fcr Essentielle Psychotherapie\",\"description\":\"\",\"publisher\":{\"@id\":\"https:\/\/essentielle-psychotherapie.com\/en\/#organization\"},\"potentialAction\":[{\"@type\":\"SearchAction\",\"target\":{\"@type\":\"EntryPoint\",\"urlTemplate\":\"https:\/\/essentielle-psychotherapie.com\/en\/?s={search_term_string}\"},\"query-input\":{\"@type\":\"PropertyValueSpecification\",\"valueRequired\":true,\"valueName\":\"search_term_string\"}}],\"inLanguage\":\"fr-FR\"},{\"@type\":\"Organization\",\"@id\":\"https:\/\/essentielle-psychotherapie.com\/en\/#organization\",\"name\":\"Institut f\u00fcr Essentielle Psychotherapie\",\"url\":\"https:\/\/essentielle-psychotherapie.com\/en\/\",\"logo\":{\"@type\":\"ImageObject\",\"inLanguage\":\"fr-FR\",\"@id\":\"https:\/\/essentielle-psychotherapie.com\/en\/#\/schema\/logo\/image\/\",\"url\":\"https:\/\/essentielle-psychotherapie.com\/wp-content\/uploads\/2019\/01\/favicon-256x256.png\",\"contentUrl\":\"https:\/\/essentielle-psychotherapie.com\/wp-content\/uploads\/2019\/01\/favicon-256x256.png\",\"width\":256,\"height\":256,\"caption\":\"Institut f\u00fcr Essentielle Psychotherapie\"},\"image\":{\"@id\":\"https:\/\/essentielle-psychotherapie.com\/en\/#\/schema\/logo\/image\/\"}}]}<\/script>\n<!-- \/ Yoast SEO plugin. -->","yoast_head_json":{"title":"Startseite: Herzlich Willkommen - Institut f\u00fcr Essentielle Psychotherapie","description":"Finden Sie Heilung, innere Klarheit und spirituelle Tiefe \u2013 am Institut f\u00fcr Essentielle Psychotherapie. Seminare und Ausbildungen in Deutschland und Europa.","robots":{"index":"index","follow":"follow","max-snippet":"max-snippet:-1","max-image-preview":"max-image-preview:large","max-video-preview":"max-video-preview:-1"},"canonical":"https:\/\/essentielle-psychotherapie.com\/","og_locale":"fr_FR","og_type":"article","og_title":"Startseite: Herzlich Willkommen - Institut f\u00fcr Essentielle Psychotherapie","og_description":"Finden Sie Heilung, innere Klarheit und spirituelle Tiefe \u2013 am Institut f\u00fcr Essentielle Psychotherapie. Seminare und Ausbildungen in Deutschland und Europa.","og_url":"https:\/\/essentielle-psychotherapie.com\/","og_site_name":"Institut f\u00fcr Essentielle Psychotherapie","article_modified_time":"2025-04-25T19:22:30+00:00","twitter_card":"summary_large_image","twitter_misc":{"Dur\u00e9e de lecture estim\u00e9e":"1 minute"},"schema":{"@context":"https:\/\/schema.org","@graph":[{"@type":"WebPage","@id":"https:\/\/essentielle-psychotherapie.com\/","url":"https:\/\/essentielle-psychotherapie.com\/","name":"Startseite: Herzlich Willkommen - Institut f\u00fcr Essentielle Psychotherapie","isPartOf":{"@id":"https:\/\/essentielle-psychotherapie.com\/en\/#website"},"datePublished":"2016-11-26T15:32:51+00:00","dateModified":"2025-04-25T19:22:30+00:00","description":"Finden Sie Heilung, innere Klarheit und spirituelle Tiefe \u2013 am Institut f\u00fcr Essentielle Psychotherapie. Seminare und Ausbildungen in Deutschland und Europa.","breadcrumb":{"@id":"https:\/\/essentielle-psychotherapie.com\/#breadcrumb"},"inLanguage":"fr-FR","potentialAction":[{"@type":"ReadAction","target":["https:\/\/essentielle-psychotherapie.com\/"]}]},{"@type":"BreadcrumbList","@id":"https:\/\/essentielle-psychotherapie.com\/#breadcrumb","itemListElement":[{"@type":"ListItem","position":1,"name":"Startseite","item":"https:\/\/essentielle-psychotherapie.com\/"},{"@type":"ListItem","position":2,"name":"Home"}]},{"@type":"WebSite","@id":"https:\/\/essentielle-psychotherapie.com\/en\/#website","url":"https:\/\/essentielle-psychotherapie.com\/en\/","name":"Institut f\u00fcr Essentielle Psychotherapie","description":"","publisher":{"@id":"https:\/\/essentielle-psychotherapie.com\/en\/#organization"},"potentialAction":[{"@type":"SearchAction","target":{"@type":"EntryPoint","urlTemplate":"https:\/\/essentielle-psychotherapie.com\/en\/?s={search_term_string}"},"query-input":{"@type":"PropertyValueSpecification","valueRequired":true,"valueName":"search_term_string"}}],"inLanguage":"fr-FR"},{"@type":"Organization","@id":"https:\/\/essentielle-psychotherapie.com\/en\/#organization","name":"Institut f\u00fcr Essentielle Psychotherapie","url":"https:\/\/essentielle-psychotherapie.com\/en\/","logo":{"@type":"ImageObject","inLanguage":"fr-FR","@id":"https:\/\/essentielle-psychotherapie.com\/en\/#\/schema\/logo\/image\/","url":"https:\/\/essentielle-psychotherapie.com\/wp-content\/uploads\/2019\/01\/favicon-256x256.png","contentUrl":"https:\/\/essentielle-psychotherapie.com\/wp-content\/uploads\/2019\/01\/favicon-256x256.png","width":256,"height":256,"caption":"Institut f\u00fcr Essentielle Psychotherapie"},"image":{"@id":"https:\/\/essentielle-psychotherapie.com\/en\/#\/schema\/logo\/image\/"}}]}},"_links":{"self":[{"href":"https:\/\/essentielle-psychotherapie.com\/fr\/wp-json\/wp\/v2\/pages\/10868","targetHints":{"allow":["GET"]}}],"collection":[{"href":"https:\/\/essentielle-psychotherapie.com\/fr\/wp-json\/wp\/v2\/pages"}],"about":[{"href":"https:\/\/essentielle-psychotherapie.com\/fr\/wp-json\/wp\/v2\/types\/page"}],"author":[{"embeddable":true,"href":"https:\/\/essentielle-psychotherapie.com\/fr\/wp-json\/wp\/v2\/users\/1"}],"replies":[{"embeddable":true,"href":"https:\/\/essentielle-psychotherapie.com\/fr\/wp-json\/wp\/v2\/comments?post=10868"}],"version-history":[{"count":181,"href":"https:\/\/essentielle-psychotherapie.com\/fr\/wp-json\/wp\/v2\/pages\/10868\/revisions"}],"predecessor-version":[{"id":15635,"href":"https:\/\/essentielle-psychotherapie.com\/fr\/wp-json\/wp\/v2\/pages\/10868\/revisions\/15635"}],"wp:attachment":[{"href":"https:\/\/essentielle-psychotherapie.com\/fr\/wp-json\/wp\/v2\/media?parent=10868"}],"curies":[{"name":"wp","href":"https:\/\/api.w.org\/{rel}","templated":true}]}}