{"id":13466,"date":"2016-12-01T11:35:48","date_gmt":"2016-12-01T10:35:48","guid":{"rendered":"http:\/\/s521754890.online.de\/?page_id=13466"},"modified":"2025-06-10T12:13:08","modified_gmt":"2025-06-10T11:13:08","slug":"essentielle-psychotherapie","status":"publish","type":"page","link":"https:\/\/essentielle-psychotherapie.com\/fr\/essentielle-psychotherapie","title":{"rendered":"Psychoth\u00e9rapie Essentielle"},"content":{"rendered":"<p><div class=\"fusion-fullwidth fullwidth-box fusion-builder-row-3 nonhundred-percent-fullwidth non-hundred-percent-height-scrolling\" style=\"--awb-background-blend-mode:overlay;--awb-border-sizes-top:0px;--awb-border-sizes-bottom:0px;--awb-border-sizes-left:0px;--awb-border-sizes-right:0px;--awb-border-color:#ffffff;--awb-border-radius-top-left:0px;--awb-border-radius-top-right:0px;--awb-border-radius-bottom-right:0px;--awb-border-radius-bottom-left:0px;--awb-padding-top:20px;--awb-padding-right:20px;--awb-padding-bottom:20px;--awb-padding-left:20px;--awb-background-color:rgba(255,255,255,0.84);--awb-flex-wrap:wrap;\" ><div class=\"fusion-builder-row fusion-row\"><div class=\"fusion-layout-column fusion_builder_column fusion-builder-column-4 fusion_builder_column_1_2 1_2 fusion-one-half fusion-column-first fusion-animated\" style=\"--awb-bg-size:cover;width:50%;width:calc(50% - ( ( 4% ) * 0.5 ) );margin-right: 4%;\" data-animationType=\"slideInLeft\" data-animationDuration=\"0.5\" data-animationOffset=\"bottom-in-view\"><div class=\"fusion-column-wrapper fusion-flex-column-wrapper-legacy\"><div class=\"fusion-text fusion-text-5\" style=\"--awb-text-color:#2d2d2d;\"><p>La Psychoth\u00e9rapie Essentielle est une science de la gu\u00e9rison<\/p>\n<p>En tant qu\u2019approche psychoth\u00e9rapeutique, elle repose sur la psychologie des profondeurs et elle rassemble plusieurs m\u00e9thodes diff\u00e9rentes.<\/p>\n<p>Elle est orient\u00e9e vers les processus et a \u00e9t\u00e9 d\u00e9velopp\u00e9 en collaboration directe avec des psychoth\u00e9rapeutes et des professeurs de dharma profond\u00e9ment enracin\u00e9s dans la tradition bouddhiste.<\/p>\n<p>La psychoth\u00e9rapie essentielle enseigne une forme de psychoth\u00e9rapie qui soutient le chemin de la lib\u00e9ration et de l&rsquo;\u00e9veil, comme l&rsquo;enseignent de nombreuses traditions de sagesse, y compris le Dharma du Bouddha. Un entra\u00eenement de la conscience et des m\u00e9thodes de gu\u00e9rison sp\u00e9ciales sont int\u00e9gr\u00e9es au travail th\u00e9rapeutique.<\/p>\n<p>Le\u00b7la th\u00e9rapeute est form\u00e9\u00b7e dans sa posture \u00e0 d\u00e9velopper une conscience de la dimension de v\u00e9ritable nature, de la conscience ouverte intemporelle ou de la nature du bouddha, et \u00e0 l&rsquo;utiliser comme source de gu\u00e9rison.<\/p>\n<p>En termes psychoth\u00e9rapeutiques, cela signifie une orientation tr\u00e8s profonde vers les ressources (niveau d&rsquo;\u00eatre profond \/ dimension de v\u00e9ritable nature).<\/p>\n<\/div><div class=\"fusion-clearfix\"><\/div><\/div><\/div><div class=\"fusion-layout-column fusion_builder_column fusion-builder-column-5 fusion_builder_column_1_2 1_2 fusion-one-half fusion-column-last fusion-animated\" style=\"--awb-bg-size:cover;width:50%;width:calc(50% - ( ( 4% ) * 0.5 ) );\" data-animationType=\"slideInRight\" data-animationDuration=\"0.5\" data-animationOffset=\"bottom-in-view\"><div class=\"fusion-column-wrapper fusion-flex-column-wrapper-legacy\"><div class=\"fusion-text fusion-text-6\" style=\"--awb-text-color:#2d2d2d;\"><div class=\"con-mitte-left\">\n<div id=\"c357\" class=\"csc-default\">\n<p>Nous utilisons toutes les m\u00e9thodes et les exercices les plus prometteurs de mieux-\u00eatre pour le\u00b7la client\u00b7e, en fonction de la mission psychoth\u00e9rapeutique sp\u00e9cifique, de la question, du probl\u00e8me ou de sa situation de vie sp\u00e9cifique.<\/p>\n<p>Ainsi, toute une palette de m\u00e9thodes et d\u2019interventions est mise \u00e0 profit, issues de toutes les orientations de psychoth\u00e9rapie actuelles, notamment de la psychosynth\u00e8se, du focusing, de la th\u00e9rapie comportementale et de la m\u00e9thode d&rsquo;imagination selon Phyllis Krystal. Ces m\u00e9thodes prennent un go\u00fbt et une intensit\u00e9 diff\u00e9rents en raison de l\u2019approche fondamentalement plus profonde de la psychoth\u00e9rapie essentielle. De plus, des interventions et des exercices en psychoth\u00e9rapie essentielle ont \u00e9t\u00e9 d\u00e9velopp\u00e9s et communiqu\u00e9s aux participant\u00b7e\u00b7s.<\/p>\n<p>Nous travaillons toujours \u00e0 diff\u00e9rents niveaux avec les gens, D&rsquo;un c\u00f4t\u00e9 au niveau de la personnalit\u00e9 (psychodynamique &#8211; le champ classique de la psychoth\u00e9rapie bas\u00e9e sur la psychologique des profondeurs) et au \u00ab\u00a0niveau de l&rsquo;esprit\u00a0\u00bb (structures \/ m\u00e9canismes de perception &#8211; le champ classique de la m\u00e9ditation).<\/p>\n<\/div>\n<\/div>\n<div id=\"footer\">Notre <strong>objectif<\/strong> vis-\u00e0-vis des participant\u00b7e\u00b7s \u00e0 la formation est de stimuler leur croissance interne et leur maturation gr\u00e2ce \u00e0 une forte proportion d&rsquo;exp\u00e9rience directe et d&rsquo;auto-th\u00e9rapie, et surtout de d\u00e9velopper leurs comp\u00e9tences en travail psychoth\u00e9rapeutique.<\/div>\n<\/div><div class=\"fusion-clearfix\"><\/div><\/div><\/div><\/div><\/div><\/p>","protected":false},"excerpt":{"rendered":"","protected":false},"author":1,"featured_media":0,"parent":0,"menu_order":8,"comment_status":"closed","ping_status":"closed","template":"","meta":{"footnotes":""},"class_list":["post-13466","page","type-page","status-publish","hentry"],"yoast_head":"<!-- This site is optimized with the Yoast SEO plugin v27.0 - https:\/\/yoast.com\/product\/yoast-seo-wordpress\/ -->\n<title>Die Essentielle Psychotherapie - Institut f\u00fcr Essentielle Psychotherapie<\/title>\n<meta name=\"description\" content=\"Essentielle Psychotherapie vereint Tiefenpsychologie, Achtsamkeit und spirituelle Weisheit zu einem integrativen Weg f\u00fcr Heilung, Wachstum und innere Klarheit.\" \/>\n<meta name=\"robots\" content=\"index, follow, max-snippet:-1, max-image-preview:large, max-video-preview:-1\" \/>\n<link rel=\"canonical\" href=\"https:\/\/essentielle-psychotherapie.com\/essentielle-psychotherapie\" \/>\n<meta property=\"og:locale\" content=\"fr_FR\" \/>\n<meta property=\"og:type\" content=\"article\" \/>\n<meta property=\"og:title\" content=\"Die Essentielle Psychotherapie - Institut f\u00fcr Essentielle Psychotherapie\" \/>\n<meta property=\"og:description\" content=\"Essentielle Psychotherapie vereint Tiefenpsychologie, Achtsamkeit und spirituelle Weisheit zu einem integrativen Weg f\u00fcr Heilung, Wachstum und innere Klarheit.\" \/>\n<meta property=\"og:url\" content=\"https:\/\/essentielle-psychotherapie.com\/essentielle-psychotherapie\" \/>\n<meta property=\"og:site_name\" content=\"Institut f\u00fcr Essentielle Psychotherapie\" \/>\n<meta property=\"article:modified_time\" content=\"2025-06-10T11:13:08+00:00\" \/>\n<meta name=\"twitter:card\" content=\"summary_large_image\" \/>\n<meta name=\"twitter:label1\" content=\"Dur\u00e9e de lecture estim\u00e9e\" \/>\n\t<meta name=\"twitter:data1\" content=\"2 minutes\" \/>\n<script type=\"application\/ld+json\" class=\"yoast-schema-graph\">{\"@context\":\"https:\/\/schema.org\",\"@graph\":[{\"@type\":\"WebPage\",\"@id\":\"https:\/\/essentielle-psychotherapie.com\/essentielle-psychotherapie\",\"url\":\"https:\/\/essentielle-psychotherapie.com\/essentielle-psychotherapie\",\"name\":\"Die Essentielle Psychotherapie - Institut f\u00fcr Essentielle Psychotherapie\",\"isPartOf\":{\"@id\":\"https:\/\/essentielle-psychotherapie.com\/en\/#website\"},\"datePublished\":\"2016-12-01T10:35:48+00:00\",\"dateModified\":\"2025-06-10T11:13:08+00:00\",\"description\":\"Essentielle Psychotherapie vereint Tiefenpsychologie, Achtsamkeit und spirituelle Weisheit zu einem integrativen Weg f\u00fcr Heilung, Wachstum und innere Klarheit.\",\"breadcrumb\":{\"@id\":\"https:\/\/essentielle-psychotherapie.com\/essentielle-psychotherapie#breadcrumb\"},\"inLanguage\":\"fr-FR\",\"potentialAction\":[{\"@type\":\"ReadAction\",\"target\":[\"https:\/\/essentielle-psychotherapie.com\/essentielle-psychotherapie\"]}]},{\"@type\":\"BreadcrumbList\",\"@id\":\"https:\/\/essentielle-psychotherapie.com\/essentielle-psychotherapie#breadcrumb\",\"itemListElement\":[{\"@type\":\"ListItem\",\"position\":1,\"name\":\"Startseite\",\"item\":\"https:\/\/essentielle-psychotherapie.com\/\"},{\"@type\":\"ListItem\",\"position\":2,\"name\":\"Essentielle Psychotherapie\"}]},{\"@type\":\"WebSite\",\"@id\":\"https:\/\/essentielle-psychotherapie.com\/en\/#website\",\"url\":\"https:\/\/essentielle-psychotherapie.com\/en\/\",\"name\":\"Institut f\u00fcr Essentielle Psychotherapie\",\"description\":\"\",\"publisher\":{\"@id\":\"https:\/\/essentielle-psychotherapie.com\/en\/#organization\"},\"potentialAction\":[{\"@type\":\"SearchAction\",\"target\":{\"@type\":\"EntryPoint\",\"urlTemplate\":\"https:\/\/essentielle-psychotherapie.com\/en\/?s={search_term_string}\"},\"query-input\":{\"@type\":\"PropertyValueSpecification\",\"valueRequired\":true,\"valueName\":\"search_term_string\"}}],\"inLanguage\":\"fr-FR\"},{\"@type\":\"Organization\",\"@id\":\"https:\/\/essentielle-psychotherapie.com\/en\/#organization\",\"name\":\"Institut f\u00fcr Essentielle Psychotherapie\",\"url\":\"https:\/\/essentielle-psychotherapie.com\/en\/\",\"logo\":{\"@type\":\"ImageObject\",\"inLanguage\":\"fr-FR\",\"@id\":\"https:\/\/essentielle-psychotherapie.com\/en\/#\/schema\/logo\/image\/\",\"url\":\"https:\/\/essentielle-psychotherapie.com\/wp-content\/uploads\/2019\/01\/favicon-256x256.png\",\"contentUrl\":\"https:\/\/essentielle-psychotherapie.com\/wp-content\/uploads\/2019\/01\/favicon-256x256.png\",\"width\":256,\"height\":256,\"caption\":\"Institut f\u00fcr Essentielle Psychotherapie\"},\"image\":{\"@id\":\"https:\/\/essentielle-psychotherapie.com\/en\/#\/schema\/logo\/image\/\"}}]}<\/script>\n<!-- \/ Yoast SEO plugin. -->","yoast_head_json":{"title":"Die Essentielle Psychotherapie - Institut f\u00fcr Essentielle Psychotherapie","description":"Essentielle Psychotherapie vereint Tiefenpsychologie, Achtsamkeit und spirituelle Weisheit zu einem integrativen Weg f\u00fcr Heilung, Wachstum und innere Klarheit.","robots":{"index":"index","follow":"follow","max-snippet":"max-snippet:-1","max-image-preview":"max-image-preview:large","max-video-preview":"max-video-preview:-1"},"canonical":"https:\/\/essentielle-psychotherapie.com\/essentielle-psychotherapie","og_locale":"fr_FR","og_type":"article","og_title":"Die Essentielle Psychotherapie - Institut f\u00fcr Essentielle Psychotherapie","og_description":"Essentielle Psychotherapie vereint Tiefenpsychologie, Achtsamkeit und spirituelle Weisheit zu einem integrativen Weg f\u00fcr Heilung, Wachstum und innere Klarheit.","og_url":"https:\/\/essentielle-psychotherapie.com\/essentielle-psychotherapie","og_site_name":"Institut f\u00fcr Essentielle Psychotherapie","article_modified_time":"2025-06-10T11:13:08+00:00","twitter_card":"summary_large_image","twitter_misc":{"Dur\u00e9e de lecture estim\u00e9e":"2 minutes"},"schema":{"@context":"https:\/\/schema.org","@graph":[{"@type":"WebPage","@id":"https:\/\/essentielle-psychotherapie.com\/essentielle-psychotherapie","url":"https:\/\/essentielle-psychotherapie.com\/essentielle-psychotherapie","name":"Die Essentielle Psychotherapie - Institut f\u00fcr Essentielle Psychotherapie","isPartOf":{"@id":"https:\/\/essentielle-psychotherapie.com\/en\/#website"},"datePublished":"2016-12-01T10:35:48+00:00","dateModified":"2025-06-10T11:13:08+00:00","description":"Essentielle Psychotherapie vereint Tiefenpsychologie, Achtsamkeit und spirituelle Weisheit zu einem integrativen Weg f\u00fcr Heilung, Wachstum und innere Klarheit.","breadcrumb":{"@id":"https:\/\/essentielle-psychotherapie.com\/essentielle-psychotherapie#breadcrumb"},"inLanguage":"fr-FR","potentialAction":[{"@type":"ReadAction","target":["https:\/\/essentielle-psychotherapie.com\/essentielle-psychotherapie"]}]},{"@type":"BreadcrumbList","@id":"https:\/\/essentielle-psychotherapie.com\/essentielle-psychotherapie#breadcrumb","itemListElement":[{"@type":"ListItem","position":1,"name":"Startseite","item":"https:\/\/essentielle-psychotherapie.com\/"},{"@type":"ListItem","position":2,"name":"Essentielle Psychotherapie"}]},{"@type":"WebSite","@id":"https:\/\/essentielle-psychotherapie.com\/en\/#website","url":"https:\/\/essentielle-psychotherapie.com\/en\/","name":"Institut f\u00fcr Essentielle Psychotherapie","description":"","publisher":{"@id":"https:\/\/essentielle-psychotherapie.com\/en\/#organization"},"potentialAction":[{"@type":"SearchAction","target":{"@type":"EntryPoint","urlTemplate":"https:\/\/essentielle-psychotherapie.com\/en\/?s={search_term_string}"},"query-input":{"@type":"PropertyValueSpecification","valueRequired":true,"valueName":"search_term_string"}}],"inLanguage":"fr-FR"},{"@type":"Organization","@id":"https:\/\/essentielle-psychotherapie.com\/en\/#organization","name":"Institut f\u00fcr Essentielle Psychotherapie","url":"https:\/\/essentielle-psychotherapie.com\/en\/","logo":{"@type":"ImageObject","inLanguage":"fr-FR","@id":"https:\/\/essentielle-psychotherapie.com\/en\/#\/schema\/logo\/image\/","url":"https:\/\/essentielle-psychotherapie.com\/wp-content\/uploads\/2019\/01\/favicon-256x256.png","contentUrl":"https:\/\/essentielle-psychotherapie.com\/wp-content\/uploads\/2019\/01\/favicon-256x256.png","width":256,"height":256,"caption":"Institut f\u00fcr Essentielle Psychotherapie"},"image":{"@id":"https:\/\/essentielle-psychotherapie.com\/en\/#\/schema\/logo\/image\/"}}]}},"_links":{"self":[{"href":"https:\/\/essentielle-psychotherapie.com\/fr\/wp-json\/wp\/v2\/pages\/13466","targetHints":{"allow":["GET"]}}],"collection":[{"href":"https:\/\/essentielle-psychotherapie.com\/fr\/wp-json\/wp\/v2\/pages"}],"about":[{"href":"https:\/\/essentielle-psychotherapie.com\/fr\/wp-json\/wp\/v2\/types\/page"}],"author":[{"embeddable":true,"href":"https:\/\/essentielle-psychotherapie.com\/fr\/wp-json\/wp\/v2\/users\/1"}],"replies":[{"embeddable":true,"href":"https:\/\/essentielle-psychotherapie.com\/fr\/wp-json\/wp\/v2\/comments?post=13466"}],"version-history":[{"count":32,"href":"https:\/\/essentielle-psychotherapie.com\/fr\/wp-json\/wp\/v2\/pages\/13466\/revisions"}],"predecessor-version":[{"id":15657,"href":"https:\/\/essentielle-psychotherapie.com\/fr\/wp-json\/wp\/v2\/pages\/13466\/revisions\/15657"}],"wp:attachment":[{"href":"https:\/\/essentielle-psychotherapie.com\/fr\/wp-json\/wp\/v2\/media?parent=13466"}],"curies":[{"name":"wp","href":"https:\/\/api.w.org\/{rel}","templated":true}]}}