{"id":13872,"date":"2018-11-16T12:57:53","date_gmt":"2018-11-16T11:57:53","guid":{"rendered":"http:\/\/s521754890.online.de\/?page_id=13872"},"modified":"2025-06-10T12:40:54","modified_gmt":"2025-06-10T11:40:54","slug":"einzelarbeit","status":"publish","type":"page","link":"https:\/\/essentielle-psychotherapie.com\/fr\/einzelarbeit","title":{"rendered":"Travail individuel"},"content":{"rendered":"<p><div class=\"fusion-fullwidth fullwidth-box fusion-builder-row-3 nonhundred-percent-fullwidth non-hundred-percent-height-scrolling\" style=\"--awb-border-radius-top-left:0px;--awb-border-radius-top-right:0px;--awb-border-radius-bottom-right:0px;--awb-border-radius-bottom-left:0px;--awb-flex-wrap:wrap;\" ><div class=\"fusion-builder-row fusion-row\"><div class=\"fusion-layout-column fusion_builder_column fusion-builder-column-2 fusion_builder_column_1_4 1_4 fusion-one-fourth fusion-column-first\" style=\"--awb-bg-size:cover;width:25%;width:calc(25% - ( ( 4% + 4% + 4% ) * 0.25 ) );margin-right: 4%;\"><div class=\"fusion-column-wrapper fusion-flex-column-wrapper-legacy\"><div class=\"fusion-content-boxes content-boxes columns row fusion-columns-1 fusion-columns-total-1 fusion-content-boxes-3 content-boxes-icon-with-title content-left\" style=\"--awb-body-color:#eaeaea;--awb-title-color:#ffffff;--awb-margin-bottom:500px;--awb-hover-accent-color:#a0ce4e;--awb-circle-hover-accent-color:#a0ce4e;--awb-item-margin-bottom:40px;\" data-animationOffset=\"top-into-view\"><div style=\"--awb-backgroundcolor:rgba(82,116,158,0.82);\" class=\"fusion-column content-box-column content-box-column content-box-column-1 col-lg-12 col-md-12 col-sm-12 fusion-content-box-hover content-box-column-last content-box-column-last-in-row\"><div class=\"col content-box-wrapper content-wrapper-background link-area-link-icon icon-hover-animation-fade\" data-animationOffset=\"top-into-view\"><div class=\"heading icon-left\"><h2 class=\"content-box-heading fusion-responsive-typography-calculated\" style=\"--h2_typography-font-size:18px;--fontSize:18;line-height:1.5;\">Supervisions<\/h2><\/div><div class=\"fusion-clearfix\"><\/div><div class=\"content-container\">Il y a des supervisions en groupe guid\u00e9es par Wolfgang Erhardt \u00e0 Hennef et \u00e0 Freiburg.<\/p>\n<p><strong>Supervision en individuel<\/strong><\/p>\n<p>Supervision de couple \/ consultation pour un couple \/ th\u00e9rapie de couple<\/div><\/div><\/div><div class=\"fusion-clearfix\"><\/div><\/div><div class=\"fusion-clearfix\"><\/div><\/div><\/div><div class=\"fusion-layout-column fusion_builder_column fusion-builder-column-3 fusion_builder_column_1_4 1_4 fusion-one-fourth\" style=\"--awb-bg-size:cover;width:25%;width:calc(25% - ( ( 4% + 4% + 4% ) * 0.25 ) );margin-right: 4%;\"><div class=\"fusion-column-wrapper fusion-flex-column-wrapper-legacy\"><div class=\"fusion-content-boxes content-boxes columns row fusion-columns-1 fusion-columns-total-1 fusion-content-boxes-4 content-boxes-icon-with-title content-left\" style=\"--awb-body-color:#eaeaea;--awb-title-color:#ffffff;--awb-hover-accent-color:#a0ce4e;--awb-circle-hover-accent-color:#a0ce4e;--awb-item-margin-bottom:40px;\" data-animationOffset=\"top-into-view\"><div style=\"--awb-backgroundcolor:rgba(82,116,158,0.82);\" class=\"fusion-column content-box-column content-box-column content-box-column-1 col-lg-12 col-md-12 col-sm-12 fusion-content-box-hover content-box-column-last content-box-column-last-in-row\"><div class=\"col content-box-wrapper content-wrapper-background link-area-link-icon icon-hover-animation-fade\" data-animationOffset=\"top-into-view\"><div class=\"heading icon-left\"><h2 class=\"content-box-heading fusion-responsive-typography-calculated\" style=\"--h2_typography-font-size:18px;--fontSize:18;line-height:1.5;\">M\u00e9ditation<\/h2><\/div><div class=\"fusion-clearfix\"><\/div><div class=\"content-container\">\n<p>Chaque premier lundi du mois, a lieu une m\u00e9ditation guid\u00e9e du Buddha de m\u00e9decine au si\u00e8ge de<br \/>\nl&rsquo;institut de Psychoth\u00e9rapie Essentielle pr\u00e8s de Bonn (Allemagne).<\/p>\n<\/div><\/div><\/div><div class=\"fusion-clearfix\"><\/div><\/div><div class=\"fusion-clearfix\"><\/div><\/div><\/div><div class=\"fusion-layout-column fusion_builder_column fusion-builder-column-4 fusion_builder_column_1_4 1_4 fusion-one-fourth\" style=\"--awb-bg-size:cover;width:25%;width:calc(25% - ( ( 4% + 4% + 4% ) * 0.25 ) );margin-right: 4%;\"><div class=\"fusion-column-wrapper fusion-flex-column-wrapper-legacy\"><div class=\"fusion-content-boxes content-boxes columns row fusion-columns-1 fusion-columns-total-1 fusion-content-boxes-5 content-boxes-icon-with-title content-left\" style=\"--awb-body-color:#eaeaea;--awb-title-color:#ffffff;--awb-hover-accent-color:#a0ce4e;--awb-circle-hover-accent-color:#a0ce4e;--awb-item-margin-bottom:40px;\" data-animationOffset=\"top-into-view\"><div style=\"--awb-backgroundcolor:rgba(82,116,158,0.82);\" class=\"fusion-column content-box-column content-box-column content-box-column-1 col-lg-12 col-md-12 col-sm-12 fusion-content-box-hover content-box-column-last content-box-column-last-in-row\"><div class=\"col content-box-wrapper content-wrapper-background link-area-link-icon icon-hover-animation-fade\" data-animationOffset=\"top-into-view\"><div class=\"heading icon-left\"><h2 class=\"content-box-heading fusion-responsive-typography-calculated\" style=\"--h2_typography-font-size:18px;--fontSize:18;line-height:1.5;\">Psychoth\u00e9rapie<\/h2><\/div><div class=\"fusion-clearfix\"><\/div><div class=\"content-container\">\n<p>Psychoth\u00e9rapie individuelle guid\u00e9e par Wolfgang Erhardt \u00e0 Bonn (en allemand) ou par l&rsquo;un des<br \/>\npraticiens certifi\u00e9s francophones de la liste. Voir \u00ab<a href=\"https:\/\/essentielle-psychotherapie.com\/fr\/therapeutenliste\">liste des th\u00e9rapeutes<\/a>\u00bb<\/p>\n<p>Beethoven-Stra\u00dfe 60<br \/>\n53115 Bonn<br \/>\nAllemagne<\/p>\n<p>Tel.: 0049 228 690339<\/p>\n<\/div><\/div><\/div><div class=\"fusion-clearfix\"><\/div><\/div><div class=\"fusion-clearfix\"><\/div><\/div><\/div><div class=\"fusion-layout-column fusion_builder_column fusion-builder-column-5 fusion_builder_column_1_4 1_4 fusion-one-fourth fusion-column-last\" style=\"--awb-bg-size:cover;width:25%;width:calc(25% - ( ( 4% + 4% + 4% ) * 0.25 ) );\"><div class=\"fusion-column-wrapper fusion-flex-column-wrapper-legacy\"><div class=\"fusion-content-boxes content-boxes columns row fusion-columns-1 fusion-columns-total-1 fusion-content-boxes-6 content-boxes-icon-with-title content-left\" style=\"--awb-body-color:#eaeaea;--awb-title-color:#ffffff;--awb-hover-accent-color:#a0ce4e;--awb-circle-hover-accent-color:#a0ce4e;--awb-item-margin-bottom:40px;\" data-animationOffset=\"top-into-view\"><div style=\"--awb-backgroundcolor:rgba(82,116,158,0.82);\" class=\"fusion-column content-box-column content-box-column content-box-column-1 col-lg-12 col-md-12 col-sm-12 fusion-content-box-hover content-box-column-last content-box-column-last-in-row\"><div class=\"col content-box-wrapper content-wrapper-background link-area-link-icon icon-hover-animation-fade\" data-animationOffset=\"top-into-view\"><div class=\"heading icon-left\"><h2 class=\"content-box-heading fusion-responsive-typography-calculated\" style=\"--h2_typography-font-size:18px;--fontSize:18;line-height:1.5;\">Consultation<\/h2><\/div><div class=\"fusion-clearfix\"><\/div><div class=\"content-container\">\n<p><strong>Consultation individuelle<\/strong><br \/>\n<strong>Consultation pour des couples guid\u00e9e<\/strong><br \/>\nGuid\u00e9es par Wolfgang Erhardt \u00e0 Bonn (en allemand) ou par l&rsquo;un des praticiens certifi\u00e9s<br \/>\nfrancophones de la liste. Voir \u00ab<a href=\"https:\/\/essentielle-psychotherapie.com\/fr\/therapeutenliste\">liste des th\u00e9rapeutes<\/a>\u00bb<\/p>\n<\/div><\/div><\/div><div class=\"fusion-clearfix\"><\/div><\/div><div class=\"fusion-clearfix\"><\/div><\/div><\/div><\/div><\/div><\/p>","protected":false},"excerpt":{"rendered":"","protected":false},"author":1,"featured_media":0,"parent":0,"menu_order":6,"comment_status":"closed","ping_status":"closed","template":"","meta":{"footnotes":""},"class_list":["post-13872","page","type-page","status-publish","hentry"],"yoast_head":"<!-- This site is optimized with the Yoast SEO plugin v27.0 - https:\/\/yoast.com\/product\/yoast-seo-wordpress\/ -->\n<title>Einzelarbeit - Institut f\u00fcr Essentielle Psychotherapie<\/title>\n<meta name=\"description\" content=\"Einzeltherapie, Supervision und Coaching \u2013 individuelle Begleitung f\u00fcr pers\u00f6nliche Entwicklung am Institut f\u00fcr Essentielle Psychotherapie.\" \/>\n<meta name=\"robots\" content=\"index, follow, max-snippet:-1, max-image-preview:large, max-video-preview:-1\" \/>\n<link rel=\"canonical\" href=\"https:\/\/essentielle-psychotherapie.com\/einzelarbeit\" \/>\n<meta property=\"og:locale\" content=\"fr_FR\" \/>\n<meta property=\"og:type\" content=\"article\" \/>\n<meta property=\"og:title\" content=\"Einzelarbeit - Institut f\u00fcr Essentielle Psychotherapie\" \/>\n<meta property=\"og:description\" content=\"Einzeltherapie, Supervision und Coaching \u2013 individuelle Begleitung f\u00fcr pers\u00f6nliche Entwicklung am Institut f\u00fcr Essentielle Psychotherapie.\" \/>\n<meta property=\"og:url\" content=\"https:\/\/essentielle-psychotherapie.com\/einzelarbeit\" \/>\n<meta property=\"og:site_name\" content=\"Institut f\u00fcr Essentielle Psychotherapie\" \/>\n<meta property=\"article:modified_time\" content=\"2025-06-10T11:40:54+00:00\" \/>\n<meta name=\"twitter:card\" content=\"summary_large_image\" \/>\n<meta name=\"twitter:label1\" content=\"Dur\u00e9e de lecture estim\u00e9e\" \/>\n\t<meta name=\"twitter:data1\" content=\"1 minute\" \/>\n<script type=\"application\/ld+json\" class=\"yoast-schema-graph\">{\"@context\":\"https:\/\/schema.org\",\"@graph\":[{\"@type\":\"WebPage\",\"@id\":\"https:\/\/essentielle-psychotherapie.com\/einzelarbeit\",\"url\":\"https:\/\/essentielle-psychotherapie.com\/einzelarbeit\",\"name\":\"Einzelarbeit - Institut f\u00fcr Essentielle Psychotherapie\",\"isPartOf\":{\"@id\":\"https:\/\/essentielle-psychotherapie.com\/en\/#website\"},\"datePublished\":\"2018-11-16T11:57:53+00:00\",\"dateModified\":\"2025-06-10T11:40:54+00:00\",\"description\":\"Einzeltherapie, Supervision und Coaching \u2013 individuelle Begleitung f\u00fcr pers\u00f6nliche Entwicklung am Institut f\u00fcr Essentielle Psychotherapie.\",\"breadcrumb\":{\"@id\":\"https:\/\/essentielle-psychotherapie.com\/einzelarbeit#breadcrumb\"},\"inLanguage\":\"fr-FR\",\"potentialAction\":[{\"@type\":\"ReadAction\",\"target\":[\"https:\/\/essentielle-psychotherapie.com\/einzelarbeit\"]}]},{\"@type\":\"BreadcrumbList\",\"@id\":\"https:\/\/essentielle-psychotherapie.com\/einzelarbeit#breadcrumb\",\"itemListElement\":[{\"@type\":\"ListItem\",\"position\":1,\"name\":\"Startseite\",\"item\":\"https:\/\/essentielle-psychotherapie.com\/\"},{\"@type\":\"ListItem\",\"position\":2,\"name\":\"Einzelarbeit\"}]},{\"@type\":\"WebSite\",\"@id\":\"https:\/\/essentielle-psychotherapie.com\/en\/#website\",\"url\":\"https:\/\/essentielle-psychotherapie.com\/en\/\",\"name\":\"Institut f\u00fcr Essentielle Psychotherapie\",\"description\":\"\",\"publisher\":{\"@id\":\"https:\/\/essentielle-psychotherapie.com\/en\/#organization\"},\"potentialAction\":[{\"@type\":\"SearchAction\",\"target\":{\"@type\":\"EntryPoint\",\"urlTemplate\":\"https:\/\/essentielle-psychotherapie.com\/en\/?s={search_term_string}\"},\"query-input\":{\"@type\":\"PropertyValueSpecification\",\"valueRequired\":true,\"valueName\":\"search_term_string\"}}],\"inLanguage\":\"fr-FR\"},{\"@type\":\"Organization\",\"@id\":\"https:\/\/essentielle-psychotherapie.com\/en\/#organization\",\"name\":\"Institut f\u00fcr Essentielle Psychotherapie\",\"url\":\"https:\/\/essentielle-psychotherapie.com\/en\/\",\"logo\":{\"@type\":\"ImageObject\",\"inLanguage\":\"fr-FR\",\"@id\":\"https:\/\/essentielle-psychotherapie.com\/en\/#\/schema\/logo\/image\/\",\"url\":\"https:\/\/essentielle-psychotherapie.com\/wp-content\/uploads\/2019\/01\/favicon-256x256.png\",\"contentUrl\":\"https:\/\/essentielle-psychotherapie.com\/wp-content\/uploads\/2019\/01\/favicon-256x256.png\",\"width\":256,\"height\":256,\"caption\":\"Institut f\u00fcr Essentielle Psychotherapie\"},\"image\":{\"@id\":\"https:\/\/essentielle-psychotherapie.com\/en\/#\/schema\/logo\/image\/\"}}]}<\/script>\n<!-- \/ Yoast SEO plugin. -->","yoast_head_json":{"title":"Einzelarbeit - Institut f\u00fcr Essentielle Psychotherapie","description":"Einzeltherapie, Supervision und Coaching \u2013 individuelle Begleitung f\u00fcr pers\u00f6nliche Entwicklung am Institut f\u00fcr Essentielle Psychotherapie.","robots":{"index":"index","follow":"follow","max-snippet":"max-snippet:-1","max-image-preview":"max-image-preview:large","max-video-preview":"max-video-preview:-1"},"canonical":"https:\/\/essentielle-psychotherapie.com\/einzelarbeit","og_locale":"fr_FR","og_type":"article","og_title":"Einzelarbeit - Institut f\u00fcr Essentielle Psychotherapie","og_description":"Einzeltherapie, Supervision und Coaching \u2013 individuelle Begleitung f\u00fcr pers\u00f6nliche Entwicklung am Institut f\u00fcr Essentielle Psychotherapie.","og_url":"https:\/\/essentielle-psychotherapie.com\/einzelarbeit","og_site_name":"Institut f\u00fcr Essentielle Psychotherapie","article_modified_time":"2025-06-10T11:40:54+00:00","twitter_card":"summary_large_image","twitter_misc":{"Dur\u00e9e de lecture estim\u00e9e":"1 minute"},"schema":{"@context":"https:\/\/schema.org","@graph":[{"@type":"WebPage","@id":"https:\/\/essentielle-psychotherapie.com\/einzelarbeit","url":"https:\/\/essentielle-psychotherapie.com\/einzelarbeit","name":"Einzelarbeit - Institut f\u00fcr Essentielle Psychotherapie","isPartOf":{"@id":"https:\/\/essentielle-psychotherapie.com\/en\/#website"},"datePublished":"2018-11-16T11:57:53+00:00","dateModified":"2025-06-10T11:40:54+00:00","description":"Einzeltherapie, Supervision und Coaching \u2013 individuelle Begleitung f\u00fcr pers\u00f6nliche Entwicklung am Institut f\u00fcr Essentielle Psychotherapie.","breadcrumb":{"@id":"https:\/\/essentielle-psychotherapie.com\/einzelarbeit#breadcrumb"},"inLanguage":"fr-FR","potentialAction":[{"@type":"ReadAction","target":["https:\/\/essentielle-psychotherapie.com\/einzelarbeit"]}]},{"@type":"BreadcrumbList","@id":"https:\/\/essentielle-psychotherapie.com\/einzelarbeit#breadcrumb","itemListElement":[{"@type":"ListItem","position":1,"name":"Startseite","item":"https:\/\/essentielle-psychotherapie.com\/"},{"@type":"ListItem","position":2,"name":"Einzelarbeit"}]},{"@type":"WebSite","@id":"https:\/\/essentielle-psychotherapie.com\/en\/#website","url":"https:\/\/essentielle-psychotherapie.com\/en\/","name":"Institut f\u00fcr Essentielle Psychotherapie","description":"","publisher":{"@id":"https:\/\/essentielle-psychotherapie.com\/en\/#organization"},"potentialAction":[{"@type":"SearchAction","target":{"@type":"EntryPoint","urlTemplate":"https:\/\/essentielle-psychotherapie.com\/en\/?s={search_term_string}"},"query-input":{"@type":"PropertyValueSpecification","valueRequired":true,"valueName":"search_term_string"}}],"inLanguage":"fr-FR"},{"@type":"Organization","@id":"https:\/\/essentielle-psychotherapie.com\/en\/#organization","name":"Institut f\u00fcr Essentielle Psychotherapie","url":"https:\/\/essentielle-psychotherapie.com\/en\/","logo":{"@type":"ImageObject","inLanguage":"fr-FR","@id":"https:\/\/essentielle-psychotherapie.com\/en\/#\/schema\/logo\/image\/","url":"https:\/\/essentielle-psychotherapie.com\/wp-content\/uploads\/2019\/01\/favicon-256x256.png","contentUrl":"https:\/\/essentielle-psychotherapie.com\/wp-content\/uploads\/2019\/01\/favicon-256x256.png","width":256,"height":256,"caption":"Institut f\u00fcr Essentielle Psychotherapie"},"image":{"@id":"https:\/\/essentielle-psychotherapie.com\/en\/#\/schema\/logo\/image\/"}}]}},"_links":{"self":[{"href":"https:\/\/essentielle-psychotherapie.com\/fr\/wp-json\/wp\/v2\/pages\/13872","targetHints":{"allow":["GET"]}}],"collection":[{"href":"https:\/\/essentielle-psychotherapie.com\/fr\/wp-json\/wp\/v2\/pages"}],"about":[{"href":"https:\/\/essentielle-psychotherapie.com\/fr\/wp-json\/wp\/v2\/types\/page"}],"author":[{"embeddable":true,"href":"https:\/\/essentielle-psychotherapie.com\/fr\/wp-json\/wp\/v2\/users\/1"}],"replies":[{"embeddable":true,"href":"https:\/\/essentielle-psychotherapie.com\/fr\/wp-json\/wp\/v2\/comments?post=13872"}],"version-history":[{"count":40,"href":"https:\/\/essentielle-psychotherapie.com\/fr\/wp-json\/wp\/v2\/pages\/13872\/revisions"}],"predecessor-version":[{"id":15660,"href":"https:\/\/essentielle-psychotherapie.com\/fr\/wp-json\/wp\/v2\/pages\/13872\/revisions\/15660"}],"wp:attachment":[{"href":"https:\/\/essentielle-psychotherapie.com\/fr\/wp-json\/wp\/v2\/media?parent=13872"}],"curies":[{"name":"wp","href":"https:\/\/api.w.org\/{rel}","templated":true}]}}