{"id":14275,"date":"2019-01-09T14:08:00","date_gmt":"2019-01-09T13:08:00","guid":{"rendered":"http:\/\/beta.essentielle-psychotherapie.com\/?page_id=14275"},"modified":"2019-05-23T18:29:36","modified_gmt":"2019-05-23T17:29:36","slug":"buch","status":"publish","type":"page","link":"https:\/\/essentielle-psychotherapie.com\/fr\/buch","title":{"rendered":"(Deutsch) Buddhistische Psychologie"},"content":{"rendered":"<p><div class=\"fusion-fullwidth fullwidth-box fusion-builder-row-5 nonhundred-percent-fullwidth non-hundred-percent-height-scrolling\" style=\"--awb-border-radius-top-left:0px;--awb-border-radius-top-right:0px;--awb-border-radius-bottom-right:0px;--awb-border-radius-bottom-left:0px;--awb-flex-wrap:wrap;\" ><div class=\"fusion-builder-row fusion-row\"><div class=\"fusion-layout-column fusion_builder_column fusion-builder-column-6 fusion_builder_column_1_1 1_1 fusion-one-full fusion-column-first fusion-column-last\" style=\"--awb-bg-size:cover;\"><div class=\"fusion-column-wrapper fusion-flex-column-wrapper-legacy\"><div class=\"fusion-title title fusion-title-3 fusion-title-text fusion-title-size-two\"><h2 class=\"fusion-title-heading title-heading-left fusion-responsive-typography-calculated\" style=\"margin:0;--fontSize:18;--minFontSize:18;line-height:1.5;\">Eine fundierte Synthese von buddhistischer Geistesschulung und westlicher Psychotherapie<\/h2><span class=\"awb-title-spacer\"><\/span><div class=\"title-sep-container\"><div class=\"title-sep sep-double sep-solid\" style=\"border-color:#e0dede;\"><\/div><\/div><\/div><div class=\"fusion-text fusion-text-9\"><p>Die buddhistische Geistesschulung zielt darauf ab, das menschliche Potenzial zum Erwachen vollends zu entfalten. Dabei werden einengende emotionale und kognitive Muster aufgel\u00f6st und heilsame Qualit\u00e4ten wie Liebe, Mitgef\u00fchl, Offenheit und Weisheit freigelegt.<\/p>\n<p>Der bekannte buddhistische Lehrer Tilmann Borghardt und der Psychotherapeut Wolfgang Erhardt haben auf dieser Basis eine buddhistisch orientierte Psychotherapie entwickelt. Sie verbindet Meditation, Gewahrseinsschulung, Emotionsarbeit, die Kultivierung von Mitgef\u00fchl sowie die Medizinbuddha-Praxis mit psychotherapeutischen Methoden aus Verhaltens- und Gestalttherapie, Psychosynthese und Focusing.<\/p>\n<p>Das umfassende Standardwerk zeigt anhand zahlreicher Beispiele und \u00dcbungen die Grundlagen und Praxis einer buddhistisch gepr\u00e4gten Psychotherapie, die f\u00fcr Praktizierende und Therapeuten gleicherma\u00dfen gewinnbringend nutzbar ist.<\/p>\n<\/div><div class=\"fusion-section-separator section-separator triangle fusion-section-separator-3\" style=\"--awb-border-top:1px solid #f6f6f6;--awb-spacer-height:1px;--awb-svg-margin-left:0;--awb-svg-margin-right:0;--awb-icon-color:#ffffff;\"><div class=\"fusion-section-separator-svg\"><div class=\"divider-candy-arrow top\" style=\"bottom:0px;border-bottom-color: #f6f6f6;\"><\/div><div class=\"divider-candy top\" style=\"top:-21px;border-bottom:1px solid #f6f6f6;border-left:1px solid #f6f6f6;\"><\/div><\/div><div class=\"fusion-section-separator-spacer\"><div class=\"fusion-section-separator-spacer-height\"><\/div><\/div><\/div><div class=\"fusion-clearfix\"><\/div><\/div><\/div><\/div><\/div><div class=\"fusion-fullwidth fullwidth-box fusion-builder-row-6 nonhundred-percent-fullwidth non-hundred-percent-height-scrolling\" style=\"--awb-border-radius-top-left:0px;--awb-border-radius-top-right:0px;--awb-border-radius-bottom-right:0px;--awb-border-radius-bottom-left:0px;--awb-flex-wrap:wrap;\" ><div class=\"fusion-builder-row fusion-row\"><div class=\"fusion-layout-column fusion_builder_column fusion-builder-column-7 fusion_builder_column_1_2 1_2 fusion-one-half fusion-column-first\" style=\"--awb-bg-size:cover;width:50%;width:calc(50% - ( ( 4% ) * 0.5 ) );margin-right: 4%;\"><div class=\"fusion-column-wrapper fusion-flex-column-wrapper-legacy\"><div class=\"fusion-text fusion-text-10\"><p>Der Buddhismus betrachtet die Natur des Geistes als grundlegend gesund. Eine hervorragende Pr\u00e4misse f\u00fcr eine vertrauensvolle, ressourcenorientierte Arbeit mit Geist und Psyche. Tilmann Borghardt, buddhistischer Mediationslehrer und der Psychotherapeut Wolfgang Erhardt haben die Grundlagen einer buddhistisch fundierten Psychotherapie erarbeitet. Dabei wurden zentrale buddhistische Ans\u00e4tze in der therapeutischen Arbeit an sich selbst und anderen gepr\u00fcft. Ziel ist die Verbindung von individueller Heilung und der Arbeit mit emotionalen Mustern, um beides inden Kontext eines umfassenden Erwachens zu stellen.<\/p>\n<p>Die Autoren beschreiben Grundlagen und Anwendung buddhistischer Psychologie mit zahlreichen Fallbeispielen und \u00dcbungen f\u00fcr Anf\u00e4nger und Fortgeschrittene. Astrid Schillings stellt in einem Fastbeitrag die Methode \u00ab\u00a0Focusing\u00a0\u00bb vor, die stark vom buddhistischen Gedanken der Achtsamkeit gepr\u00e4gt ist.<\/p>\n<p>Ein umfassendes Grundlagenwerk zu einer Psychotherapie des Erwachens. F\u00fcr Praktizierende und Psychotherapeuten.<\/p>\n<\/div><div class=\"fusion-clearfix\"><\/div><\/div><\/div><div class=\"fusion-layout-column fusion_builder_column fusion-builder-column-8 fusion_builder_column_1_2 1_2 fusion-one-half fusion-column-last\" style=\"--awb-bg-size:cover;width:50%;width:calc(50% - ( ( 4% ) * 0.5 ) );\"><div class=\"fusion-column-wrapper fusion-flex-column-wrapper-legacy\"><div class=\"fusion-text fusion-text-11\"><p>TILMAN BORGHARDT alias Lama Tilmann Lh\u00fcndrup lebte 21 Jahre in einem buddhistischen Kloster, bildet Medithationslehrer aus und wirkt international als Dharma-Lehrer. Als ehemaliger Arzt und Hom\u00f6opath gilt sein Hauptaugenmerk der Integration der Wege des Heilens und des Erwachens.<\/p>\n<\/div><div class=\"fusion-text fusion-text-12\"><p>WOLFGANG ERHARDT ist Diplon-Psychologe und arbeitet seit 1994 in eigener Praxis in Bonn. 2008 gr\u00fcndete er das \u00ab\u00a0Institut f\u00fcr Essentielle Psychotherapie\u00a0\u00bb, das er als Instituts- und Fortbildungsleiter f\u00fchrt.<\/p>\n<\/div><div class=\"fusion-alignleft\"><a class=\"fusion-button button-flat fusion-button-default-size button-default fusion-button-default button-5 fusion-button-default-span fusion-button-default-type fusion-animated\" data-animationType=\"shake\" data-animationDuration=\"0.3\" data-animationOffset=\"top-into-view\" target=\"_blank\" rel=\"noopener noreferrer\" href=\"https:\/\/bam-hennef.buchhandlung.de\/shop\/article\/28953275\/tilmann_borghardt_wolfgang_erhardt_buddhistische_psychologie.html\"><i class=\"fa-cart-plus fas awb-button__icon awb-button__icon--default button-icon-left\" aria-hidden=\"true\"><\/i><span class=\"fusion-button-text awb-button__text awb-button__text--default\">Zum Buch<\/span><\/a><\/div><div class=\"fusion-content-boxes content-boxes columns row fusion-columns-1 fusion-columns-total-1 fusion-content-boxes-3 content-boxes-icon-with-title content-left\" style=\"--awb-hover-accent-color:#a0ce4e;--awb-circle-hover-accent-color:#a0ce4e;--awb-item-margin-bottom:40px;\" data-animationOffset=\"top-into-view\"><div style=\"--awb-backgroundcolor:rgba(255,255,255,0);\" class=\"fusion-column content-box-column content-box-column content-box-column-1 col-lg-12 col-md-12 col-sm-12 fusion-content-box-hover content-box-column-last content-box-column-last-in-row\"><div class=\"col content-box-wrapper content-wrapper link-area-link-icon icon-hover-animation-fade\" data-animationOffset=\"top-into-view\"><div class=\"fusion-clearfix\"><\/div><div class=\"content-container\">Buddhistische Psychologie &#8211; Grundlagen und Praxis<br \/>\nISBN: 978-3-442-34176-4<br \/>\nwww.arkana-verlag.de<\/div><\/div><\/div><div class=\"fusion-clearfix\"><\/div><\/div><div class=\"fusion-clearfix\"><\/div><\/div><\/div><\/div><\/div><\/p>","protected":false},"excerpt":{"rendered":"","protected":false},"author":1,"featured_media":0,"parent":0,"menu_order":4,"comment_status":"closed","ping_status":"closed","template":"","meta":{"footnotes":""},"class_list":["post-14275","page","type-page","status-publish","hentry"],"yoast_head":"<!-- This site is optimized with the Yoast SEO plugin v27.0 - https:\/\/yoast.com\/product\/yoast-seo-wordpress\/ -->\n<title><\/title>\n<meta name=\"robots\" content=\"index, follow, max-snippet:-1, max-image-preview:large, max-video-preview:-1\" \/>\n<link rel=\"canonical\" href=\"https:\/\/essentielle-psychotherapie.com\/buch\" \/>\n<meta property=\"og:locale\" content=\"fr_FR\" \/>\n<meta property=\"og:type\" content=\"article\" \/>\n<meta property=\"og:title\" content=\"[:de]Buddhistische Psychologie[:] - Institut f\u00fcr Essentielle Psychotherapie\" \/>\n<meta property=\"og:url\" content=\"https:\/\/essentielle-psychotherapie.com\/buch\" \/>\n<meta property=\"og:site_name\" content=\"Institut f\u00fcr Essentielle Psychotherapie\" \/>\n<meta property=\"article:modified_time\" content=\"2019-05-23T17:29:36+00:00\" \/>\n<meta name=\"twitter:card\" content=\"summary_large_image\" \/>\n<meta name=\"twitter:label1\" content=\"Dur\u00e9e de lecture estim\u00e9e\" \/>\n\t<meta name=\"twitter:data1\" content=\"18 minutes\" \/>\n<script type=\"application\/ld+json\" class=\"yoast-schema-graph\">{\"@context\":\"https:\/\/schema.org\",\"@graph\":[{\"@type\":\"WebPage\",\"@id\":\"https:\/\/essentielle-psychotherapie.com\/buch\",\"url\":\"https:\/\/essentielle-psychotherapie.com\/buch\",\"name\":\"[:de]Buddhistische Psychologie[:] - Institut f\u00fcr Essentielle Psychotherapie\",\"isPartOf\":{\"@id\":\"https:\/\/essentielle-psychotherapie.com\/en\/#website\"},\"datePublished\":\"2019-01-09T13:08:00+00:00\",\"dateModified\":\"2019-05-23T17:29:36+00:00\",\"breadcrumb\":{\"@id\":\"https:\/\/essentielle-psychotherapie.com\/buch#breadcrumb\"},\"inLanguage\":\"fr-FR\",\"potentialAction\":[{\"@type\":\"ReadAction\",\"target\":[\"https:\/\/essentielle-psychotherapie.com\/buch\"]}]},{\"@type\":\"BreadcrumbList\",\"@id\":\"https:\/\/essentielle-psychotherapie.com\/buch#breadcrumb\",\"itemListElement\":[{\"@type\":\"ListItem\",\"position\":1,\"name\":\"Startseite\",\"item\":\"https:\/\/essentielle-psychotherapie.com\/\"},{\"@type\":\"ListItem\",\"position\":2,\"name\":\"Buddhistische Psychologie\"}]},{\"@type\":\"WebSite\",\"@id\":\"https:\/\/essentielle-psychotherapie.com\/en\/#website\",\"url\":\"https:\/\/essentielle-psychotherapie.com\/en\/\",\"name\":\"Institut f\u00fcr Essentielle Psychotherapie\",\"description\":\"\",\"publisher\":{\"@id\":\"https:\/\/essentielle-psychotherapie.com\/en\/#organization\"},\"potentialAction\":[{\"@type\":\"SearchAction\",\"target\":{\"@type\":\"EntryPoint\",\"urlTemplate\":\"https:\/\/essentielle-psychotherapie.com\/en\/?s={search_term_string}\"},\"query-input\":{\"@type\":\"PropertyValueSpecification\",\"valueRequired\":true,\"valueName\":\"search_term_string\"}}],\"inLanguage\":\"fr-FR\"},{\"@type\":\"Organization\",\"@id\":\"https:\/\/essentielle-psychotherapie.com\/en\/#organization\",\"name\":\"Institut f\u00fcr Essentielle Psychotherapie\",\"url\":\"https:\/\/essentielle-psychotherapie.com\/en\/\",\"logo\":{\"@type\":\"ImageObject\",\"inLanguage\":\"fr-FR\",\"@id\":\"https:\/\/essentielle-psychotherapie.com\/en\/#\/schema\/logo\/image\/\",\"url\":\"https:\/\/essentielle-psychotherapie.com\/wp-content\/uploads\/2019\/01\/favicon-256x256.png\",\"contentUrl\":\"https:\/\/essentielle-psychotherapie.com\/wp-content\/uploads\/2019\/01\/favicon-256x256.png\",\"width\":256,\"height\":256,\"caption\":\"Institut f\u00fcr Essentielle Psychotherapie\"},\"image\":{\"@id\":\"https:\/\/essentielle-psychotherapie.com\/en\/#\/schema\/logo\/image\/\"}}]}<\/script>\n<!-- \/ Yoast SEO plugin. -->","yoast_head_json":{"title":"[:de]Buddhistische Psychologie[:] - Institut f\u00fcr Essentielle Psychotherapie","robots":{"index":"index","follow":"follow","max-snippet":"max-snippet:-1","max-image-preview":"max-image-preview:large","max-video-preview":"max-video-preview:-1"},"canonical":"https:\/\/essentielle-psychotherapie.com\/buch","og_locale":"fr_FR","og_type":"article","og_title":"[:de]Buddhistische Psychologie[:] - Institut f\u00fcr Essentielle Psychotherapie","og_url":"https:\/\/essentielle-psychotherapie.com\/buch","og_site_name":"Institut f\u00fcr Essentielle Psychotherapie","article_modified_time":"2019-05-23T17:29:36+00:00","twitter_card":"summary_large_image","twitter_misc":{"Dur\u00e9e de lecture estim\u00e9e":"18 minutes"},"schema":{"@context":"https:\/\/schema.org","@graph":[{"@type":"WebPage","@id":"https:\/\/essentielle-psychotherapie.com\/buch","url":"https:\/\/essentielle-psychotherapie.com\/buch","name":"[:de]Buddhistische Psychologie[:] - Institut f\u00fcr Essentielle Psychotherapie","isPartOf":{"@id":"https:\/\/essentielle-psychotherapie.com\/en\/#website"},"datePublished":"2019-01-09T13:08:00+00:00","dateModified":"2019-05-23T17:29:36+00:00","breadcrumb":{"@id":"https:\/\/essentielle-psychotherapie.com\/buch#breadcrumb"},"inLanguage":"fr-FR","potentialAction":[{"@type":"ReadAction","target":["https:\/\/essentielle-psychotherapie.com\/buch"]}]},{"@type":"BreadcrumbList","@id":"https:\/\/essentielle-psychotherapie.com\/buch#breadcrumb","itemListElement":[{"@type":"ListItem","position":1,"name":"Startseite","item":"https:\/\/essentielle-psychotherapie.com\/"},{"@type":"ListItem","position":2,"name":"Buddhistische Psychologie"}]},{"@type":"WebSite","@id":"https:\/\/essentielle-psychotherapie.com\/en\/#website","url":"https:\/\/essentielle-psychotherapie.com\/en\/","name":"Institut f\u00fcr Essentielle Psychotherapie","description":"","publisher":{"@id":"https:\/\/essentielle-psychotherapie.com\/en\/#organization"},"potentialAction":[{"@type":"SearchAction","target":{"@type":"EntryPoint","urlTemplate":"https:\/\/essentielle-psychotherapie.com\/en\/?s={search_term_string}"},"query-input":{"@type":"PropertyValueSpecification","valueRequired":true,"valueName":"search_term_string"}}],"inLanguage":"fr-FR"},{"@type":"Organization","@id":"https:\/\/essentielle-psychotherapie.com\/en\/#organization","name":"Institut f\u00fcr Essentielle Psychotherapie","url":"https:\/\/essentielle-psychotherapie.com\/en\/","logo":{"@type":"ImageObject","inLanguage":"fr-FR","@id":"https:\/\/essentielle-psychotherapie.com\/en\/#\/schema\/logo\/image\/","url":"https:\/\/essentielle-psychotherapie.com\/wp-content\/uploads\/2019\/01\/favicon-256x256.png","contentUrl":"https:\/\/essentielle-psychotherapie.com\/wp-content\/uploads\/2019\/01\/favicon-256x256.png","width":256,"height":256,"caption":"Institut f\u00fcr Essentielle Psychotherapie"},"image":{"@id":"https:\/\/essentielle-psychotherapie.com\/en\/#\/schema\/logo\/image\/"}}]}},"_links":{"self":[{"href":"https:\/\/essentielle-psychotherapie.com\/fr\/wp-json\/wp\/v2\/pages\/14275","targetHints":{"allow":["GET"]}}],"collection":[{"href":"https:\/\/essentielle-psychotherapie.com\/fr\/wp-json\/wp\/v2\/pages"}],"about":[{"href":"https:\/\/essentielle-psychotherapie.com\/fr\/wp-json\/wp\/v2\/types\/page"}],"author":[{"embeddable":true,"href":"https:\/\/essentielle-psychotherapie.com\/fr\/wp-json\/wp\/v2\/users\/1"}],"replies":[{"embeddable":true,"href":"https:\/\/essentielle-psychotherapie.com\/fr\/wp-json\/wp\/v2\/comments?post=14275"}],"version-history":[{"count":25,"href":"https:\/\/essentielle-psychotherapie.com\/fr\/wp-json\/wp\/v2\/pages\/14275\/revisions"}],"predecessor-version":[{"id":14538,"href":"https:\/\/essentielle-psychotherapie.com\/fr\/wp-json\/wp\/v2\/pages\/14275\/revisions\/14538"}],"wp:attachment":[{"href":"https:\/\/essentielle-psychotherapie.com\/fr\/wp-json\/wp\/v2\/media?parent=14275"}],"curies":[{"name":"wp","href":"https:\/\/api.w.org\/{rel}","templated":true}]}}