{"id":14592,"date":"2019-06-28T16:44:38","date_gmt":"2019-06-28T15:44:38","guid":{"rendered":"https:\/\/essentielle-psychotherapie.com\/?page_id=14592"},"modified":"2019-11-13T16:29:37","modified_gmt":"2019-11-13T15:29:37","slug":"francais-orga-team","status":"publish","type":"page","link":"https:\/\/essentielle-psychotherapie.com\/fr\/francais-orga-team","title":{"rendered":"Groupe Organisateur"},"content":{"rendered":"<p><div class=\"fusion-fullwidth fullwidth-box fusion-builder-row-1 nonhundred-percent-fullwidth non-hundred-percent-height-scrolling\" style=\"--awb-border-radius-top-left:0px;--awb-border-radius-top-right:0px;--awb-border-radius-bottom-right:0px;--awb-border-radius-bottom-left:0px;--awb-flex-wrap:wrap;\" ><div class=\"fusion-builder-row fusion-row\"><div class=\"fusion-layout-column fusion_builder_column fusion-builder-column-0 fusion_builder_column_1_1 1_1 fusion-one-full fusion-column-first fusion-column-last\" style=\"--awb-bg-size:cover;\"><div class=\"fusion-column-wrapper fusion-flex-column-wrapper-legacy\"><div class=\"fusion-title title fusion-title-1 fusion-title-text fusion-title-size-one\"><h1 class=\"fusion-title-heading title-heading-left fusion-responsive-typography-calculated\" style=\"margin:0;--fontSize:33;line-height:1.45;\">Groupe Organisateur<\/h1><span class=\"awb-title-spacer\"><\/span><div class=\"title-sep-container\"><div class=\"title-sep sep-double sep-solid\" style=\"border-color:#e0dede;\"><\/div><\/div><\/div><div class=\"fusion-clearfix\"><\/div><\/div><\/div><div class=\"fusion-layout-column fusion_builder_column fusion-builder-column-1 fusion_builder_column_1_3 1_3 fusion-one-third fusion-column-first\" style=\"--awb-bg-size:cover;width:33.333333333333%;width:calc(33.333333333333% - ( ( 4% + 4% ) * 0.33333333333333 ) );margin-right: 4%;\"><div class=\"fusion-column-wrapper fusion-flex-column-wrapper-legacy\"><div class=\"fusion-person person fusion-person-left fusion-person-1 fusion-person-icon-top\" style=\"--awb-pic-style-color:#000000;--awb-pic-borderradius:0px;--awb-margin-top:0px;--awb-margin-right:0px;--awb-margin-bottom:0px;--awb-margin-left:0px;--awb-social-box-border-top:0px;--awb-social-box-border-right:0px;--awb-social-box-border-bottom:0px;--awb-social-box-border-left:0px;\"><div class=\"person-shortcode-image-wrapper\"><div class=\"person-image-container hover-type-none\" style=\"border:0px solid #f6f6f6;-webkit-border-radius:0px;-moz-border-radius:0px;border-radius:0px;\"><img decoding=\"async\" class=\"lazyload person-img img-responsive wp-image-14584\" width=\"393\" height=\"400\" src=\"https:\/\/essentielle-psychotherapie.com\/wp-content\/uploads\/2019\/06\/photo-Fabienne.jpg\" data-orig-src=\"https:\/\/essentielle-psychotherapie.com\/wp-content\/uploads\/2019\/06\/photo-Fabienne.jpg\" alt=\"Fabienne Hourtal\" srcset=\"data:image\/svg+xml,%3Csvg%20xmlns%3D%27http%3A%2F%2Fwww.w3.org%2F2000%2Fsvg%27%20width%3D%27393%27%20height%3D%27400%27%20viewBox%3D%270%200%20393%20400%27%3E%3Crect%20width%3D%27393%27%20height%3D%27400%27%20fill-opacity%3D%220%22%2F%3E%3C%2Fsvg%3E\" data-srcset=\"https:\/\/essentielle-psychotherapie.com\/wp-content\/uploads\/2019\/06\/photo-Fabienne-200x204.jpg 200w, https:\/\/essentielle-psychotherapie.com\/wp-content\/uploads\/2019\/06\/photo-Fabienne.jpg 393w\" data-sizes=\"auto\" data-orig-sizes=\"(max-width: 800px) 100vw, 393px\" \/><\/div><\/div><div class=\"person-desc\"><div class=\"person-author\"><div class=\"person-author-wrapper\"><span class=\"person-name\">Fabienne Hourtal<\/span><span class=\"person-title\">Traductrice<\/span><\/div><\/div><div class=\"person-content fusion-clearfix\">Apr\u00e8s une formation en langues et en lettres, je suis devenue traductrice de Tilmann Borghardt en 2005, \u00e0 la suite de mon s\u00e9jour au centre de Kundreul Ling. En 2017-2018, j&rsquo;ai traduit et effectu\u00e9 la formation francophone en Psychoth\u00e9rapie Essentielle. J&rsquo;exerce maintenant, en compl\u00e9ment de l&rsquo;astrologie psychologique que je pratique depuis 2013, en pr\u00e9sentiel \u00e0 Carcassonne et \u00e0 Toulouse et par Skype.<br \/>\nAdresse : Domaine Latour, 11290 Montr\u00e9al d&rsquo;Aude<br \/>\nE-mail : fabienne.hourtal (at) gmail.com<br \/>\nT\u00e9l\u00e9phone : 06.87.88.22.26<br \/>\nSite : www.soma-logos-psyche.fr<\/div><\/div><\/div><div class=\"fusion-clearfix\"><\/div><\/div><\/div><div class=\"fusion-layout-column fusion_builder_column fusion-builder-column-2 fusion_builder_column_1_3 1_3 fusion-one-third\" style=\"--awb-bg-size:cover;width:33.333333333333%;width:calc(33.333333333333% - ( ( 4% + 4% ) * 0.33333333333333 ) );margin-right: 4%;\"><div class=\"fusion-column-wrapper fusion-flex-column-wrapper-legacy\"><div class=\"fusion-person person fusion-person-left fusion-person-2 fusion-person-icon-top\" style=\"--awb-pic-style-color:#000000;--awb-pic-borderradius:0px;--awb-margin-top:0px;--awb-margin-right:0px;--awb-margin-bottom:0px;--awb-margin-left:0px;--awb-social-box-border-top:0px;--awb-social-box-border-right:0px;--awb-social-box-border-bottom:0px;--awb-social-box-border-left:0px;\"><div class=\"person-shortcode-image-wrapper\"><div class=\"person-image-container hover-type-none\" style=\"border:0px solid #f6f6f6;-webkit-border-radius:0px;-moz-border-radius:0px;border-radius:0px;\"><img decoding=\"async\" class=\"lazyload person-img img-responsive wp-image-14585\" width=\"400\" height=\"300\" src=\"https:\/\/essentielle-psychotherapie.com\/wp-content\/uploads\/2019\/06\/Martin-THOMAS.jpg\" data-orig-src=\"https:\/\/essentielle-psychotherapie.com\/wp-content\/uploads\/2019\/06\/Martin-THOMAS-400x300.jpg\" alt=\"Martin Thomas\" srcset=\"data:image\/svg+xml,%3Csvg%20xmlns%3D%27http%3A%2F%2Fwww.w3.org%2F2000%2Fsvg%27%20width%3D%271879%27%20height%3D%271410%27%20viewBox%3D%270%200%201879%201410%27%3E%3Crect%20width%3D%271879%27%20height%3D%271410%27%20fill-opacity%3D%220%22%2F%3E%3C%2Fsvg%3E\" data-srcset=\"https:\/\/essentielle-psychotherapie.com\/wp-content\/uploads\/2019\/06\/Martin-THOMAS-200x150.jpg 200w, https:\/\/essentielle-psychotherapie.com\/wp-content\/uploads\/2019\/06\/Martin-THOMAS-400x300.jpg 400w, https:\/\/essentielle-psychotherapie.com\/wp-content\/uploads\/2019\/06\/Martin-THOMAS-600x450.jpg 600w, https:\/\/essentielle-psychotherapie.com\/wp-content\/uploads\/2019\/06\/Martin-THOMAS-800x600.jpg 800w, https:\/\/essentielle-psychotherapie.com\/wp-content\/uploads\/2019\/06\/Martin-THOMAS-1200x900.jpg 1200w, https:\/\/essentielle-psychotherapie.com\/wp-content\/uploads\/2019\/06\/Martin-THOMAS.jpg 1879w\" data-sizes=\"auto\" data-orig-sizes=\"(max-width: 800px) 100vw, 400px\" \/><\/div><\/div><div class=\"person-desc\"><div class=\"person-author\"><div class=\"person-author-wrapper\"><span class=\"person-name\">Martin Thomas<\/span><span class=\"person-title\">Co-organisateur<\/span><\/div><\/div><div class=\"person-content fusion-clearfix\">Kin\u00e9siologue depuis 2004, je suis passionn\u00e9 par la recherche de l&rsquo;union entre nos dimensions physiques, psychiques et spirituelles.<br \/>\nConvaincu qu&rsquo;aucune technique ne peut \u00e0 elle seule r\u00e9soudre l&rsquo;ensemble des troubles que nous confient les personnes qui viennent en consultation, je continue depuis le d\u00e9but de ma pratique d&rsquo;y joindre les approches qui me semblent compl\u00e9mentaires telles que la Gestalt, la coh\u00e9rence cardiaque, la coh\u00e9rence \u00e9motionnelle et MBSR (mindfullness based stress reduction), la CNV (communication non violente), l&rsquo; EFT (emotional freedom technique), l&rsquo; EMDR (eye movement desensitization and reprocessing), les massages et les r\u00e9flexologies faciales et plantaires.<br \/>\nL&rsquo;approche fondamentale de la psychoth\u00e9rapie essentielle, depuis que je l&rsquo;ai int\u00e9gr\u00e9e dans ma pratique, m&rsquo;encourage \u00e0 d\u00e9velopper une conscience de la dimension de la v\u00e9ritable nature en tant que source de gu\u00e9rison et donne tout naturellement un go\u00fbt et une intensit\u00e9 d&rsquo;une profondeur particuli\u00e8re aux consultations actuelles.<\/p>\n<p>Martin THOMAS<br \/>\n29 rue des sports 67100 Strasbourg<br \/>\nsite web : vivremieux-martin-thomas.fr<br \/>\ntel : 06 79 42 83 61<br \/>\nemail : vivremieux (at) martin-thomas.fr<\/div><\/div><\/div><div class=\"fusion-clearfix\"><\/div><\/div><\/div><div class=\"fusion-layout-column fusion_builder_column fusion-builder-column-3 fusion_builder_column_1_3 1_3 fusion-one-third fusion-column-last\" style=\"--awb-bg-size:cover;width:33.333333333333%;width:calc(33.333333333333% - ( ( 4% + 4% ) * 0.33333333333333 ) );\"><div class=\"fusion-column-wrapper fusion-flex-column-wrapper-legacy\"><div class=\"fusion-person person fusion-person-left fusion-person-3 fusion-person-icon-top\" style=\"--awb-pic-style-color:#000000;--awb-pic-borderradius:0px;--awb-margin-top:0px;--awb-margin-right:0px;--awb-margin-bottom:0px;--awb-margin-left:0px;--awb-social-box-border-top:0px;--awb-social-box-border-right:0px;--awb-social-box-border-bottom:0px;--awb-social-box-border-left:0px;\"><div class=\"person-shortcode-image-wrapper\"><div class=\"person-image-container hover-type-none\" style=\"border:0px solid #f6f6f6;-webkit-border-radius:0px;-moz-border-radius:0px;border-radius:0px;\"><img decoding=\"async\" class=\"lazyload person-img img-responsive wp-image-14659\" width=\"200\" height=\"300\" src=\"data:image\/svg+xml,%3Csvg%20xmlns%3D%27http%3A%2F%2Fwww.w3.org%2F2000%2Fsvg%27%20width%3D%27213%27%20height%3D%27254%27%20viewBox%3D%270%200%20213%20254%27%3E%3Crect%20width%3D%27213%27%20height%3D%27254%27%20fill-opacity%3D%220%22%2F%3E%3C%2Fsvg%3E\" data-orig-src=\"https:\/\/essentielle-psychotherapie.com\/wp-content\/uploads\/2019\/09\/Sylvie-200x300.jpg\" alt=\"Sylvie Dantec\" \/><\/div><\/div><div class=\"person-desc\"><div class=\"person-author\"><div class=\"person-author-wrapper\"><span class=\"person-name\">Sylvie Dantec<\/span><span class=\"person-title\">Co-organisateur<\/span><\/div><\/div><div class=\"person-content fusion-clearfix\">Apr\u00e8s avoir pris soin durant vingt cinq ann\u00e9es des patients, des \u00e9quipes et des \u00e9tudiants au travers des m\u00e9tiers d\u2019infirmi\u00e8re, de cadre de sant\u00e9 et de formatrice, je me suis affranchie de l\u2019institution hospitali\u00e8re.<br \/>\nTout au long de ce parcours, la d\u00e9couverte de l\u2019analyse transactionnelle, la PNL, l\u2019alphab\u00e9tisation \u00e9motionnelle, le management, la psychiatrie et pour finir la m\u00e9ditation de pleine conscience, m\u2019a naturellement orient\u00e9e vers la th\u00e9rapie.<br \/>\nForm\u00e9e \u00e0 la pratique de l\u2019hypnose ericksonienne et humaniste \u00e0 l\u2019Institut Fran\u00e7ais d\u2019Hypnose Ericksonienne de Paris, une premi\u00e8re activit\u00e9 lib\u00e9rale se d\u00e9veloppe d\u00e8s 2011, avec un int\u00e9r\u00eat particulier pour le \u00ab d\u00e9tricotage \u00bb biographique, la recherche de ce qui se joue profond\u00e9ment en nous.<br \/>\nPuis, les enseignements du dharma bouddhiste de Ringou Tulku Rinpoche viennent transformer cette pratique et m\u2019ouvre un nouveau champ.<br \/>\nLorsque la psychoth\u00e9rapie essentielle se pr\u00e9sente avec la rencontre de Lama Tilmann Borghardt, suivie de celle de Wolfgang Ehrhardt, elle est comme un liant \u00e9vident entre ma vie et ma pratique quotidienne de th\u00e9rapie.<br \/>\nAlliance de techniques de nettoyage biographique et de vision profonde, la psychoth\u00e9rapie essentielle, dans son aspect technique, vient compl\u00e9ter les outils acquis tout au long de ma vie et dans son aspect philosophique approfondir la compr\u00e9hension du soi et du non-soi, pour soi et pour l\u2019autre.<br \/>\nComme une \u00e9vidence, elle se coule dans l\u2019\u00e9volution d\u2019une pratique toujours plus proche de chaque personne et de l\u2019\u00eatre profond en chacun de nous.<br \/>\nAujourd\u2019hui, le d\u00e9veloppement de cette \u00e9coute compassionn\u00e9e, d\u2019une r\u00e9flexion profonde et attentive dans la confiance, me permet chaque jour de contribuer au mieux-\u00eatre de ceux que la vie oriente vers moi.<br \/>\nAdresse: 33, Route de la Meinau, Strasbourg<br \/>\nE-mail: psychoessentiellefrance (at) gmail.com<br \/>\nT\u00e9l\u00e9phone: 06.89.32.20.16.<\/p>\n<p>Pour plus d\u2019informations:<br \/>\n<a href=\"https:\/\/essentielle-psychotherapie.com\/fr\/therapeutenliste\">Liste des th\u00e9rapeutes<\/a><\/div><\/div><\/div><div class=\"fusion-clearfix\"><\/div><\/div><\/div><\/div><\/div><div class=\"fusion-fullwidth fullwidth-box fusion-builder-row-2 nonhundred-percent-fullwidth non-hundred-percent-height-scrolling\" style=\"--awb-border-radius-top-left:0px;--awb-border-radius-top-right:0px;--awb-border-radius-bottom-right:0px;--awb-border-radius-bottom-left:0px;--awb-flex-wrap:wrap;\" ><div class=\"fusion-builder-row fusion-row\"><div class=\"fusion-layout-column fusion_builder_column fusion-builder-column-4 fusion_builder_column_1_1 1_1 fusion-one-full fusion-column-first fusion-column-last\" style=\"--awb-bg-size:cover;--awb-margin-bottom:0px;\"><div class=\"fusion-column-wrapper fusion-flex-column-wrapper-legacy\"><div class=\"fusion-text fusion-text-1\"><\/div><div class=\"fusion-clearfix\"><\/div><\/div><\/div><\/div><\/div><\/p>","protected":false},"excerpt":{"rendered":"","protected":false},"author":1,"featured_media":0,"parent":0,"menu_order":2,"comment_status":"closed","ping_status":"closed","template":"","meta":{"footnotes":""},"class_list":["post-14592","page","type-page","status-publish","hentry"],"yoast_head":"<!-- This site is optimized with the Yoast SEO plugin v27.0 - https:\/\/yoast.com\/product\/yoast-seo-wordpress\/ -->\n<title>Groupe Organisateur - Institut f\u00fcr Essentielle Psychotherapie<\/title>\n<meta name=\"robots\" content=\"index, follow, max-snippet:-1, max-image-preview:large, max-video-preview:-1\" \/>\n<link rel=\"canonical\" href=\"https:\/\/essentielle-psychotherapie.com\/fr\/francais-orga-team\" \/>\n<meta property=\"og:locale\" content=\"fr_FR\" \/>\n<meta property=\"og:type\" content=\"article\" \/>\n<meta property=\"og:title\" content=\"[:fr]Groupe Organisateur[:] - Institut f\u00fcr Essentielle Psychotherapie\" \/>\n<meta property=\"og:url\" content=\"https:\/\/essentielle-psychotherapie.com\/fr\/francais-orga-team\" \/>\n<meta property=\"og:site_name\" content=\"Institut f\u00fcr Essentielle Psychotherapie\" \/>\n<meta property=\"article:modified_time\" content=\"2019-11-13T15:29:37+00:00\" \/>\n<meta name=\"twitter:card\" content=\"summary_large_image\" \/>\n<meta name=\"twitter:label1\" content=\"Dur\u00e9e de lecture estim\u00e9e\" \/>\n\t<meta name=\"twitter:data1\" content=\"8 minutes\" \/>\n<script type=\"application\/ld+json\" class=\"yoast-schema-graph\">{\"@context\":\"https:\/\/schema.org\",\"@graph\":[{\"@type\":\"WebPage\",\"@id\":\"https:\/\/essentielle-psychotherapie.com\/fr\/francais-orga-team\",\"url\":\"https:\/\/essentielle-psychotherapie.com\/fr\/francais-orga-team\",\"name\":\"[:fr]Groupe Organisateur[:] - Institut f\u00fcr Essentielle Psychotherapie\",\"isPartOf\":{\"@id\":\"https:\/\/essentielle-psychotherapie.com\/en\/#website\"},\"datePublished\":\"2019-06-28T15:44:38+00:00\",\"dateModified\":\"2019-11-13T15:29:37+00:00\",\"breadcrumb\":{\"@id\":\"https:\/\/essentielle-psychotherapie.com\/fr\/francais-orga-team#breadcrumb\"},\"inLanguage\":\"fr-FR\",\"potentialAction\":[{\"@type\":\"ReadAction\",\"target\":[\"https:\/\/essentielle-psychotherapie.com\/fr\/francais-orga-team\"]}]},{\"@type\":\"BreadcrumbList\",\"@id\":\"https:\/\/essentielle-psychotherapie.com\/fr\/francais-orga-team#breadcrumb\",\"itemListElement\":[{\"@type\":\"ListItem\",\"position\":1,\"name\":\"Startseite\",\"item\":\"https:\/\/essentielle-psychotherapie.com\/\"},{\"@type\":\"ListItem\",\"position\":2,\"name\":\"Groupe Organisateur\"}]},{\"@type\":\"WebSite\",\"@id\":\"https:\/\/essentielle-psychotherapie.com\/en\/#website\",\"url\":\"https:\/\/essentielle-psychotherapie.com\/en\/\",\"name\":\"Institut f\u00fcr Essentielle Psychotherapie\",\"description\":\"\",\"publisher\":{\"@id\":\"https:\/\/essentielle-psychotherapie.com\/en\/#organization\"},\"potentialAction\":[{\"@type\":\"SearchAction\",\"target\":{\"@type\":\"EntryPoint\",\"urlTemplate\":\"https:\/\/essentielle-psychotherapie.com\/en\/?s={search_term_string}\"},\"query-input\":{\"@type\":\"PropertyValueSpecification\",\"valueRequired\":true,\"valueName\":\"search_term_string\"}}],\"inLanguage\":\"fr-FR\"},{\"@type\":\"Organization\",\"@id\":\"https:\/\/essentielle-psychotherapie.com\/en\/#organization\",\"name\":\"Institut f\u00fcr Essentielle Psychotherapie\",\"url\":\"https:\/\/essentielle-psychotherapie.com\/en\/\",\"logo\":{\"@type\":\"ImageObject\",\"inLanguage\":\"fr-FR\",\"@id\":\"https:\/\/essentielle-psychotherapie.com\/en\/#\/schema\/logo\/image\/\",\"url\":\"https:\/\/essentielle-psychotherapie.com\/wp-content\/uploads\/2019\/01\/favicon-256x256.png\",\"contentUrl\":\"https:\/\/essentielle-psychotherapie.com\/wp-content\/uploads\/2019\/01\/favicon-256x256.png\",\"width\":256,\"height\":256,\"caption\":\"Institut f\u00fcr Essentielle Psychotherapie\"},\"image\":{\"@id\":\"https:\/\/essentielle-psychotherapie.com\/en\/#\/schema\/logo\/image\/\"}}]}<\/script>\n<!-- \/ Yoast SEO plugin. -->","yoast_head_json":{"title":"[:fr]Groupe Organisateur[:] - Institut f\u00fcr Essentielle Psychotherapie","robots":{"index":"index","follow":"follow","max-snippet":"max-snippet:-1","max-image-preview":"max-image-preview:large","max-video-preview":"max-video-preview:-1"},"canonical":"https:\/\/essentielle-psychotherapie.com\/fr\/francais-orga-team","og_locale":"fr_FR","og_type":"article","og_title":"[:fr]Groupe Organisateur[:] - Institut f\u00fcr Essentielle Psychotherapie","og_url":"https:\/\/essentielle-psychotherapie.com\/fr\/francais-orga-team","og_site_name":"Institut f\u00fcr Essentielle Psychotherapie","article_modified_time":"2019-11-13T15:29:37+00:00","twitter_card":"summary_large_image","twitter_misc":{"Dur\u00e9e de lecture estim\u00e9e":"8 minutes"},"schema":{"@context":"https:\/\/schema.org","@graph":[{"@type":"WebPage","@id":"https:\/\/essentielle-psychotherapie.com\/fr\/francais-orga-team","url":"https:\/\/essentielle-psychotherapie.com\/fr\/francais-orga-team","name":"[:fr]Groupe Organisateur[:] - Institut f\u00fcr Essentielle Psychotherapie","isPartOf":{"@id":"https:\/\/essentielle-psychotherapie.com\/en\/#website"},"datePublished":"2019-06-28T15:44:38+00:00","dateModified":"2019-11-13T15:29:37+00:00","breadcrumb":{"@id":"https:\/\/essentielle-psychotherapie.com\/fr\/francais-orga-team#breadcrumb"},"inLanguage":"fr-FR","potentialAction":[{"@type":"ReadAction","target":["https:\/\/essentielle-psychotherapie.com\/fr\/francais-orga-team"]}]},{"@type":"BreadcrumbList","@id":"https:\/\/essentielle-psychotherapie.com\/fr\/francais-orga-team#breadcrumb","itemListElement":[{"@type":"ListItem","position":1,"name":"Startseite","item":"https:\/\/essentielle-psychotherapie.com\/"},{"@type":"ListItem","position":2,"name":"Groupe Organisateur"}]},{"@type":"WebSite","@id":"https:\/\/essentielle-psychotherapie.com\/en\/#website","url":"https:\/\/essentielle-psychotherapie.com\/en\/","name":"Institut f\u00fcr Essentielle Psychotherapie","description":"","publisher":{"@id":"https:\/\/essentielle-psychotherapie.com\/en\/#organization"},"potentialAction":[{"@type":"SearchAction","target":{"@type":"EntryPoint","urlTemplate":"https:\/\/essentielle-psychotherapie.com\/en\/?s={search_term_string}"},"query-input":{"@type":"PropertyValueSpecification","valueRequired":true,"valueName":"search_term_string"}}],"inLanguage":"fr-FR"},{"@type":"Organization","@id":"https:\/\/essentielle-psychotherapie.com\/en\/#organization","name":"Institut f\u00fcr Essentielle Psychotherapie","url":"https:\/\/essentielle-psychotherapie.com\/en\/","logo":{"@type":"ImageObject","inLanguage":"fr-FR","@id":"https:\/\/essentielle-psychotherapie.com\/en\/#\/schema\/logo\/image\/","url":"https:\/\/essentielle-psychotherapie.com\/wp-content\/uploads\/2019\/01\/favicon-256x256.png","contentUrl":"https:\/\/essentielle-psychotherapie.com\/wp-content\/uploads\/2019\/01\/favicon-256x256.png","width":256,"height":256,"caption":"Institut f\u00fcr Essentielle Psychotherapie"},"image":{"@id":"https:\/\/essentielle-psychotherapie.com\/en\/#\/schema\/logo\/image\/"}}]}},"_links":{"self":[{"href":"https:\/\/essentielle-psychotherapie.com\/fr\/wp-json\/wp\/v2\/pages\/14592","targetHints":{"allow":["GET"]}}],"collection":[{"href":"https:\/\/essentielle-psychotherapie.com\/fr\/wp-json\/wp\/v2\/pages"}],"about":[{"href":"https:\/\/essentielle-psychotherapie.com\/fr\/wp-json\/wp\/v2\/types\/page"}],"author":[{"embeddable":true,"href":"https:\/\/essentielle-psychotherapie.com\/fr\/wp-json\/wp\/v2\/users\/1"}],"replies":[{"embeddable":true,"href":"https:\/\/essentielle-psychotherapie.com\/fr\/wp-json\/wp\/v2\/comments?post=14592"}],"version-history":[{"count":19,"href":"https:\/\/essentielle-psychotherapie.com\/fr\/wp-json\/wp\/v2\/pages\/14592\/revisions"}],"predecessor-version":[{"id":14744,"href":"https:\/\/essentielle-psychotherapie.com\/fr\/wp-json\/wp\/v2\/pages\/14592\/revisions\/14744"}],"wp:attachment":[{"href":"https:\/\/essentielle-psychotherapie.com\/fr\/wp-json\/wp\/v2\/media?parent=14592"}],"curies":[{"name":"wp","href":"https:\/\/api.w.org\/{rel}","templated":true}]}}